{"id":45907,"date":"2023-04-11T12:24:58","date_gmt":"2023-04-11T10:24:58","guid":{"rendered":"https:\/\/www.xaro.nl\/product\/nimo-trockner-sensorik-sensor-dryer-1900-titanium\/"},"modified":"2024-08-14T21:27:26","modified_gmt":"2024-08-14T19:27:26","slug":"nimo-trockner-sensorik-sensor-dryer-1900-titanium","status":"publish","type":"product","link":"https:\/\/www.xaro.nl\/de\/nimo-trockenschrank-sensorik-sensor-dryer-1900-titanium\/","title":{"rendered":"NIMO Trockenschrank Sensorik &#8211; Sensor Dryer 1900 &#8211; Titanium"},"content":{"rendered":"<h2 style=\"font-size: 16px; font-weight: 600; font-family: open sans; color: #202b34; text-align: left;\">NIMO Trockenschrank Sensorik &#8211; Sensor Dryer 1900 &#8211; Titanium<\/h2>\n<p>Was im hohen Norden praktisch in jedem Haushalt zu finden ist, ist hier in unserer Region praktisch unbekannt. Der Sensortrockner von NIMO: platzsparend, schnell und sehr wirtschaftlich! Trocknen Sie Kleidung, Schuhe, Handschuhe, Anz\u00fcge, Jacken, Uniformen und mehr, ohne die Textilien zu verschlei\u00dfen. Die Kapazit\u00e4t entspricht einer 16 m langen W\u00e4scheleine oder etwa 6 kg W\u00e4sche. Der Sensor Dryer von NIMO verteilt einen Strahl trockener Luft gleichm\u00e4\u00dfig durch Dutzende von L\u00f6chern in der R\u00fcckwand, um die W\u00e4sche gleichm\u00e4\u00dfig zu trocknen. Diese schnelle, energieeffiziente Trockenkabine ist ideal f\u00fcr die schonende Pflege von Kleidungsst\u00fccken. Der Trockner mit Sensortechnologie ist auch erh\u00e4ltlich in <a href=\"https:\/\/www.xaro.nl\/nimo-droogkast-sensortechnologie-sensor-dryer-1900-wit\/\"><strong>wei\u00df<\/strong><\/a> und <a href=\"https:\/\/www.xaro.nl\/nimo-droogkast-sensortechnologie-sensor-dryer-1900-zwart\/\"><strong>schwarz<\/strong><\/a>. Die wei\u00dfe Variante hat einen g\u00fcnstigeren Preis als die schwarze Variante.<\/p>\n<h2 style=\"font-size: 16px; font-weight: 600; font-family: open sans; color: #202b34; text-align: left;\">Sensorgesteuerter Trockner mit 6 verschiedenen Trockenprogrammen<\/h2>\n<p>Durch den Einsatz von Sensortechnologie wird der Energieverbrauch im Vergleich zu herk\u00f6mmlichen Trocknern um bis zu 40% gesenkt. Mit dem einzigartigen ECO+ Programm kann dieser Wert sogar bis zu 85% betragen! Der eingebaute Sensor schaltet den Trockner automatisch ab, wenn die W\u00e4sche trocken ist. Dar\u00fcber hinaus ist es nicht nur m\u00f6glich, die Trocknung automatisch zu programmieren, sondern sie auch manuell \u00fcber einen Timer zu steuern. Im Inneren des Trockners sind drei Reihen von klapp- und ausziehbaren B\u00fcgeln sowie drei T\u00fcrb\u00fcgel an der Innenseite der T\u00fcr angebracht. Der Trockner ist mit L\u00fcftungsanschl\u00fcssen ausgestattet und hat verstellbare F\u00fc\u00dfe.<\/p>\n<p><strong>Die Vorteile des Sensor Dryer 1900 auf einen Blick:<\/strong><\/p>\n<ul>\n<li>6 kg Trocknungskapazit\u00e4t<\/li>\n<li>Energielabel A++<\/li>\n<li>6 automatische Trocknungsprogramme<\/li>\n<li>Stabile ausziehbare und klappbare B\u00fcgel<\/li>\n<li>Bis zu 16 m L\u00e4nge der Aufh\u00e4ngung<\/li>\n<li>2 KW Heizelement<\/li>\n<li>Robuste Konstruktion<\/li>\n<li>Hergestellt aus recycelbaren Materialien<\/li>\n<li>Qualit\u00e4t getestet f\u00fcr 30.000+ Zyklen<\/li>\n<\/ul>\n<h2 style=\"font-size: 16px; font-weight: 600; font-family: open sans; color: #202b34; text-align: left;\">Warum ein W\u00e4schetrockner?<\/h2>\n<p>Es gibt viele Gr\u00fcnde, sich f\u00fcr einen W\u00e4schetrockner zu entscheiden:<\/p>\n<ol>\n<li><strong>Energieeffizient<\/strong><br \/>\nNIMO W\u00e4schetrockner haben viele verschiedene Programme. Was sie alle gemeinsam haben, ist, dass sie energieeffizient sind und Sie viel mehr sparen <a href=\"https:\/\/www.milieucentraal.nl\/energie-besparen\/apparaten-in-huis\/wasdroger\/\" target=\"_blank\" rel=\"noopener\"><strong>Energieeinsparung<\/strong><\/a> als herk\u00f6mmliche W\u00e4schetrockner.<\/li>\n<li><strong>Schonend f\u00fcr Ihre Kleidung<\/strong><br \/>\nDas Trocknen im W\u00e4schetrockner strapaziert Ihre Kleidungsst\u00fccke st\u00e4rker als das Waschen. Die mechanische Bearbeitung des Trockners bewirkt, dass sich die Fasern aus der Kleidung l\u00f6sen, wenn sie aneinander gerieben werden. Das Trocknen Ihrer Kleidung an der Luft ist sowohl f\u00fcr Ihre Kleidung als auch f\u00fcr die Umwelt am schonendsten. Yvette von Binki hat herausgefunden, warum Kleidung oft nicht in den Trockner passt. Lesen Sie den Artikel <strong><a href=\"https:\/\/www.binki.co\/nl\/waarom-mag-kleding-vaak-niet-in-de-droger\/\" target=\"_blank\" rel=\"noopener\">hier<\/a><\/strong>.<\/li>\n<\/ol>\n<p><iframe title=\"Introductie Nimoverken - Duurzaam drogen dankzij innovatieve (warmtepomp) technologie\" width=\"500\" height=\"281\" data-src=\"https:\/\/www.youtube.com\/embed\/AZ_rj4CzyZY?feature=oembed&#038;enablejsapi=1&#038;origin=https:\/\/www.xaro.nl\" frameborder=\"0\" allow=\"accelerometer; autoplay; clipboard-write; encrypted-media; gyroscope; picture-in-picture; web-share\" referrerpolicy=\"strict-origin-when-cross-origin\" allowfullscreen src=\"data:image\/svg+xml;base64,PHN2ZyB3aWR0aD0iMSIgaGVpZ2h0PSIxIiB4bWxucz0iaHR0cDovL3d3dy53My5vcmcvMjAwMC9zdmciPjwvc3ZnPg==\" class=\"lazyload\" data-load-mode=\"1\"><\/iframe><\/p>\n","protected":false},"excerpt":{"rendered":"<p>Was im hohen Norden praktisch in jedem Haushalt zu finden ist, ist hier in unserer Region praktisch unbekannt. Der Sensor Dryer von NIMO: platzsparend, schnell und sehr wirtschaftlich! Trocknen Sie Kleidung, Schuhe, Handschuhe, Anz\u00fcge, Jacken, Uniformen und mehr, ohne die Textilien zu verschlei\u00dfen. Die Kapazit\u00e4t entspricht einer 16 m langen W\u00e4scheleine oder etwa 6 kg W\u00e4sche. Der Sensor Dryer von NIMO verteilt einen Strahl trockener Luft gleichm\u00e4\u00dfig durch Dutzende von L\u00f6chern in der R\u00fcckwand, um die W\u00e4sche gleichm\u00e4\u00dfig zu trocknen. Diese schnelle, energieeffiziente Trockenkabine ist ideal f\u00fcr die schonende Pflege von Kleidungsst\u00fccken.<\/p>\n<p>*<strong>Derzeit sind keine weiteren Bilder der Titan-Variante verf\u00fcgbar. Schauen Sie sich daf\u00fcr die wei\u00dfe Variante an, denn au\u00dfer der Farbe gibt es keinen Unterschied zwischen den Modellen.<\/strong><\/p>\n","protected":false},"featured_media":27174,"comment_status":"closed","ping_status":"closed","template":"","meta":{"_acf_changed":false,"inline_featured_image":false},"product_brand":[],"product_cat":[316,315],"product_tag":[383,381,382],"class_list":{"0":"post-45907","1":"product","2":"type-product","3":"status-publish","4":"has-post-thumbnail","6":"product_cat-ablufttrockner","7":"product_cat-trockenschranke","8":"product_tag-dry-box","9":"product_tag-nimo-trockenschrank","10":"product_tag-nimoverken-de","11":"tm-no-options","13":"first","14":"outofstock","15":"taxable","16":"shipping-taxable","17":"purchasable","18":"product-type-simple"},"acf":[],"jetpack_sharing_enabled":true,"tiered_pricing_type":"fixed","tiered_pricing_fixed_rules":[],"tiered_pricing_product_settings":{"layout":"default","base_unit_name":{"singular":null,"plural":null},"default_variation":null},"tiered_pricing_minimum_quantity":null,"tiered_pricing_roles_data":[],"tiered_pricing_percentage_rules":[],"_links":{"self":[{"href":"https:\/\/www.xaro.nl\/de\/wp-json\/wp\/v2\/product\/45907","targetHints":{"allow":["GET"]}}],"collection":[{"href":"https:\/\/www.xaro.nl\/de\/wp-json\/wp\/v2\/product"}],"about":[{"href":"https:\/\/www.xaro.nl\/de\/wp-json\/wp\/v2\/types\/product"}],"replies":[{"embeddable":true,"href":"https:\/\/www.xaro.nl\/de\/wp-json\/wp\/v2\/comments?post=45907"}],"version-history":[{"count":2,"href":"https:\/\/www.xaro.nl\/de\/wp-json\/wp\/v2\/product\/45907\/revisions"}],"predecessor-version":[{"id":50283,"href":"https:\/\/www.xaro.nl\/de\/wp-json\/wp\/v2\/product\/45907\/revisions\/50283"}],"wp:featuredmedia":[{"embeddable":true,"href":"https:\/\/www.xaro.nl\/de\/wp-json\/wp\/v2\/media\/27174"}],"wp:attachment":[{"href":"https:\/\/www.xaro.nl\/de\/wp-json\/wp\/v2\/media?parent=45907"}],"wp:term":[{"taxonomy":"product_brand","embeddable":true,"href":"https:\/\/www.xaro.nl\/de\/wp-json\/wp\/v2\/product_brand?post=45907"},{"taxonomy":"product_cat","embeddable":true,"href":"https:\/\/www.xaro.nl\/de\/wp-json\/wp\/v2\/product_cat?post=45907"},{"taxonomy":"product_tag","embeddable":true,"href":"https:\/\/www.xaro.nl\/de\/wp-json\/wp\/v2\/product_tag?post=45907"}],"curies":[{"name":"wp","href":"https:\/\/api.w.org\/{rel}","templated":true}]}}