{"id":45897,"date":"2024-04-10T13:38:07","date_gmt":"2024-04-10T11:38:07","guid":{"rendered":"https:\/\/www.xaro.nl\/product\/pevino-imperial-eco-weinklimaschrank-schwarz-einzelzone-96-flaschen\/"},"modified":"2024-04-10T13:38:07","modified_gmt":"2024-04-10T11:38:07","slug":"pevino-imperial-eco-weinklimaschrank-schwarz-einzelzone-96-flaschen","status":"publish","type":"product","link":"https:\/\/www.xaro.nl\/de\/pevino-imperial-eco-weinklimaschrank-schwarz-einzelzone-96-flaschen\/","title":{"rendered":"PeVino Imperial Eco Weinklimaschrank schwarz (Einzelzone) &#8211; 96 Flaschen"},"content":{"rendered":"<h2 style=\"font-size: 17px; font-weight: bold; font-family: open sans; color: #1d242d; text-align: left;\">PeVino Imperial Eco Weinklimaschrank PBI100S-EE-HHB:<\/h2>\n<p>Der PeVino Imperial Eco Weinklimaschrank bietet Platz f\u00fcr bis zu 96 Flaschen in einer K\u00fchlzone. Dieser Weinschrank geh\u00f6rt zu den Spitzenreitern in Sachen Energieeffizienz und Klangleistung. Der PeVino Imperial Eco wurde f\u00fcr Enthusiasten entwickelt, die nach professioneller Qualit\u00e4t streben, und f\u00e4llt in das Super-Premium-Segment. Ausgestattet mit dem besten Kompressor auf dem Markt, mit einem konstant niedrigen Ger\u00e4uschpegel von 35 dB, ist dieser Weink\u00fchler ideal f\u00fcr einen auff\u00e4lligen Platz in Ihrem Zuhause.<\/p>\n<p>Alle Regale sind vollst\u00e4ndig ausziehbar und bestehen aus einer stilvollen Kombination aus Eiche und schwarzem Metall, die einen sch\u00f6nen Kontrast zu Ihren Flaschen bildet. Als etwas ganz Besonderes liegen alle Flaschen mit dem Etikett nach au\u00dfen, was nicht nur optisch beeindruckend ist, sondern auch einen guten \u00dcberblick \u00fcber Ihre Flaschen gibt, bevor Sie die T\u00fcr \u00f6ffnen. Au\u00dferdem sind die Regale so konzipiert, dass sie alle Arten von Flaschen aufnehmen k\u00f6nnen (mit Ausnahme von Magnumflaschen), so dass Sie sich keine Gedanken mehr \u00fcber die Flaschendicke machen m\u00fcssen, wenn Sie Champagner oder Burgunderwein in Ihrem Weinladen kaufen.<\/p>\n<p>Im Inneren des Weink\u00fchlschranks haben Sie die Wahl zwischen sch\u00f6ner LED-Beleuchtung in f\u00fcnf verschiedenen Farben, die je nach Stimmung gedimmt werden k\u00f6nnen.<\/p>\n<h3>Auge f\u00fcrs Detail<\/h3>\n<p>Ihre Flaschen stehen waagerecht auf 14 voll ausziehbaren Eichenholz- und Metallb\u00f6den mit schwarzen Metallfronten, die von einer sch\u00f6nen dimmbaren LED-Beleuchtung (wei\u00df, blau, gr\u00fcn, rot oder orange) beleuchtet werden. Diese Regalkonfiguration, die oft von Profis verwendet wird, ist sowohl optisch beeindruckend als auch praktisch und bietet einen einfachen Zugang zu Ihrem Wein.<\/p>\n<p>Dieser Weinklimaschrank ist sowohl optisch beeindruckend als auch sehr praktisch. Er verf\u00fcgt \u00fcber den leistungsst\u00e4rksten Kompressor und die leistungsst\u00e4rksten Ventilatoren, was ihn zu einem der zuverl\u00e4ssigsten und leisesten (35dB) seiner Klasse macht. Die integrierte Alarmfunktion \u00fcberwacht die internen Temperaturwerte.<\/p>\n<h3>Niedriger Ger\u00e4uschpegel<\/h3>\n<p>Der PeVino Imperial Eco hat nicht nur einen besseren Energieverbrauch. Mit nur 35 dB geh\u00f6rt er au\u00dferdem zu den leisesten Weinklimaschr\u00e4nken auf dem Markt und halbiert damit den Ger\u00e4uschpegel gegen\u00fcber fr\u00fcheren Modellen. Der Weinschrank ist daher ideal f\u00fcr das Wohnzimmer oder die K\u00fcche, wo Sie die sch\u00f6ne Aussicht auf Ihre Flaschen genie\u00dfen k\u00f6nnen.<\/p>\n<p><strong>Die einzigartigen Merkmale<\/strong><\/p>\n<ul>\n<li>Einer der energieeffizientesten Weinklimaschr\u00e4nke auf dem Markt.<\/li>\n<li>Ein Premium-Weink\u00fchler mit einer K\u00fchlzone (5-18\u00b0C).<\/li>\n<li>Entworfen und entwickelt in D\u00e4nemark.<\/li>\n<li>14 voll ausziehbare Eichen- und Metallb\u00f6den mit schwarzen Metallfronten.<\/li>\n<li>Fasst bis zu 96 Flaschen.<\/li>\n<li>Der Weink\u00fchler ist nur 63 cm tief.<\/li>\n<li>Schwarze Glast\u00fcr mit energieeffizientem Glas.<\/li>\n<li>LED-Innenbeleuchtung (wei\u00df, blau, gr\u00fcn, rot und orange).<\/li>\n<li>Beleuchtetes LCD-Informationsdisplay (orange).<\/li>\n<li>Temperaturalarm.<\/li>\n<li>Ausgestattet mit dem hochwertigen Embraco Inverter-Kompressor, der dank seiner F\u00e4higkeit, die Geschwindigkeit zu erh\u00f6hen und zu verringern, sehr leise ist.<\/li>\n<\/ul>\n<p><strong>HINWEIS<\/strong>: Es ist wichtig, dass Sie Ihren Weinklimaschrank mit einem geerdeten Stecker anschlie\u00dfen. Alle Weinklimaschr\u00e4nke sollten perfekt lotrecht und eben sein.<\/p>\n","protected":false},"excerpt":{"rendered":"<p>Der PeVino Imperial Eco Weinklimaschrank kann bis zu 96 Flaschen in einer K\u00fchlzone aufnehmen und ist damit eine ausgezeichnete Wahl f\u00fcr Weinliebhaber mit einer umfangreichen Sammlung. Dieser Weinschrank ist f\u00fcr seine \u00fcberragende Energieeffizienz und seine minimale Ger\u00e4uschentwicklung bekannt und damit die perfekte Wahl f\u00fcr alle, die professionelle Qualit\u00e4t anstreben.<\/p>\n<p>Mit seinem modernen Design und seiner hochwertigen Konstruktion geh\u00f6rt der PeVino Imperial Eco zum Spitzensegment. Ausgestattet mit dem besten Kompressor auf dem Markt, der einen konstant niedrigen Ger\u00e4uschpegel von nur 35 dB erzeugt, ist dieser Weink\u00fchler perfekt f\u00fcr einen prominenten Platz in Ihrem Zuhause.<\/p>\n","protected":false},"featured_media":36373,"comment_status":"closed","ping_status":"closed","template":"","meta":{"_acf_changed":false,"inline_featured_image":false},"product_brand":[],"product_cat":[333,329],"product_tag":[379],"class_list":{"0":"post-45897","1":"product","2":"type-product","3":"status-publish","4":"has-post-thumbnail","6":"product_cat-weinklimaschranke","7":"product_cat-weinschranke","8":"product_tag-pevino-de","9":"tm-no-options","11":"first","12":"instock","13":"taxable","14":"shipping-taxable","15":"purchasable","16":"product-type-simple"},"acf":[],"jetpack_sharing_enabled":true,"tiered_pricing_type":"fixed","tiered_pricing_fixed_rules":[],"tiered_pricing_product_settings":{"layout":"default","base_unit_name":{"singular":null,"plural":null},"default_variation":null},"tiered_pricing_minimum_quantity":null,"tiered_pricing_roles_data":[],"tiered_pricing_percentage_rules":[],"_links":{"self":[{"href":"https:\/\/www.xaro.nl\/de\/wp-json\/wp\/v2\/product\/45897","targetHints":{"allow":["GET"]}}],"collection":[{"href":"https:\/\/www.xaro.nl\/de\/wp-json\/wp\/v2\/product"}],"about":[{"href":"https:\/\/www.xaro.nl\/de\/wp-json\/wp\/v2\/types\/product"}],"replies":[{"embeddable":true,"href":"https:\/\/www.xaro.nl\/de\/wp-json\/wp\/v2\/comments?post=45897"}],"version-history":[{"count":0,"href":"https:\/\/www.xaro.nl\/de\/wp-json\/wp\/v2\/product\/45897\/revisions"}],"wp:featuredmedia":[{"embeddable":true,"href":"https:\/\/www.xaro.nl\/de\/wp-json\/wp\/v2\/media\/36373"}],"wp:attachment":[{"href":"https:\/\/www.xaro.nl\/de\/wp-json\/wp\/v2\/media?parent=45897"}],"wp:term":[{"taxonomy":"product_brand","embeddable":true,"href":"https:\/\/www.xaro.nl\/de\/wp-json\/wp\/v2\/product_brand?post=45897"},{"taxonomy":"product_cat","embeddable":true,"href":"https:\/\/www.xaro.nl\/de\/wp-json\/wp\/v2\/product_cat?post=45897"},{"taxonomy":"product_tag","embeddable":true,"href":"https:\/\/www.xaro.nl\/de\/wp-json\/wp\/v2\/product_tag?post=45897"}],"curies":[{"name":"wp","href":"https:\/\/api.w.org\/{rel}","templated":true}]}}