{"id":29447,"date":"2021-08-06T16:34:10","date_gmt":"2021-08-06T14:34:10","guid":{"rendered":"https:\/\/www.xaro.nl\/product\/einbau-eckkuehlschrank-norcool-aus-edelstahl-1161-liter\/"},"modified":"2024-07-10T16:00:50","modified_gmt":"2024-07-10T14:00:50","slug":"einbau-eckkuehlschrank-norcool-aus-edelstahl-1161-liter","status":"publish","type":"product","link":"https:\/\/www.xaro.nl\/de\/einbau-eckkuehlschrank-norcool-aus-edelstahl-1161-liter\/","title":{"rendered":"Einbau-Eckk\u00fchlschrank Norcool aus Edelstahl &#8211; 1161 Liter"},"content":{"rendered":"<h2 style=\"font-size: 16px; font-weight: 600; font-family: open sans; color: #202b34; text-align: left;\">Norcool Einbau-Eckk\u00fchlschrank Edelstahl:<\/h2>\n<p>Integrierbarer Luxus-Eckk\u00fchlschrank mit einem Volumen von 1.161 Litern, das entspricht 4 &#8211; 5 normalen K\u00fchlschr\u00e4nken. Dies ist einer der gr\u00f6\u00dften Haushaltsk\u00fchlschr\u00e4nke auf dem Markt. Die Kombination aus enormem Fassungsverm\u00f6gen und geringem Energieverbrauch machen diesen K\u00fchlschrank zum Liebling kleiner und gro\u00dfer Haushalte.<\/p>\n<p><strong>Exklusiv bei XARO erh\u00e4ltlich!<\/strong><\/p>\n<h3 style=\"font-size: 14px; font-weight: 600; font-family: open sans; color: #202b34; text-align: left;\">Funktionen und Vorteile:<\/h3>\n<p>&#8211; Volumen von 1.161 Litern, vergleichbar mit 4 &#8211; 5 Standard-K\u00fchlschr\u00e4nken!<br \/>\n&#8211; 3 m2 Ablagefl\u00e4chen aus geh\u00e4rtetem Glas f\u00fcr eine gute \u00dcbersicht<br \/>\n&#8211; Geringer Ger\u00e4uschpegel dank modernster K\u00fchltechnik<br \/>\n&#8211; Integrierbar A+<br \/>\n&#8211; Selbst zu installieren<br \/>\n&#8211; Lieferung in 6 einfach zu montierenden Teilen<\/p>\n","protected":false},"excerpt":{"rendered":"<p>Integrierbarer Luxus-Eckk\u00fchlschrank mit einem Volumen von 1.161 Litern, das entspricht 4 &#8211; 5 normalen K\u00fchlschr\u00e4nken. Dies ist einer der gr\u00f6\u00dften Haushaltsk\u00fchlschr\u00e4nke auf dem Markt. Dieser K\u00fchlschrank l\u00e4sst sich mit seinen eigenen M\u00f6belpaneelen vollst\u00e4ndig in Ihre K\u00fcche integrieren. Die Kombination aus enormem Fassungsverm\u00f6gen und geringem Energieverbrauch machen diesen K\u00fchlschrank zum Liebling kleiner und gro\u00dfer Haushalte.<\/p>\n","protected":false},"featured_media":24971,"comment_status":"open","ping_status":"closed","template":"","meta":{"_acf_changed":false,"inline_featured_image":false},"product_brand":[],"product_cat":[320],"product_tag":[287],"class_list":{"0":"post-29447","1":"product","2":"type-product","3":"status-publish","4":"has-post-thumbnail","6":"product_cat-eckkuhlschranke","7":"product_tag-norcool-deutschland","8":"tm-no-options","10":"first","11":"outofstock","12":"taxable","13":"shipping-taxable","14":"purchasable","15":"product-type-simple"},"acf":[],"jetpack_sharing_enabled":true,"tiered_pricing_type":"fixed","tiered_pricing_fixed_rules":[],"tiered_pricing_product_settings":{"layout":"default","base_unit_name":{"singular":null,"plural":null},"default_variation":null},"tiered_pricing_minimum_quantity":null,"tiered_pricing_roles_data":[],"tiered_pricing_percentage_rules":[],"_links":{"self":[{"href":"https:\/\/www.xaro.nl\/de\/wp-json\/wp\/v2\/product\/29447","targetHints":{"allow":["GET"]}}],"collection":[{"href":"https:\/\/www.xaro.nl\/de\/wp-json\/wp\/v2\/product"}],"about":[{"href":"https:\/\/www.xaro.nl\/de\/wp-json\/wp\/v2\/types\/product"}],"replies":[{"embeddable":true,"href":"https:\/\/www.xaro.nl\/de\/wp-json\/wp\/v2\/comments?post=29447"}],"version-history":[{"count":1,"href":"https:\/\/www.xaro.nl\/de\/wp-json\/wp\/v2\/product\/29447\/revisions"}],"predecessor-version":[{"id":45922,"href":"https:\/\/www.xaro.nl\/de\/wp-json\/wp\/v2\/product\/29447\/revisions\/45922"}],"wp:featuredmedia":[{"embeddable":true,"href":"https:\/\/www.xaro.nl\/de\/wp-json\/wp\/v2\/media\/24971"}],"wp:attachment":[{"href":"https:\/\/www.xaro.nl\/de\/wp-json\/wp\/v2\/media?parent=29447"}],"wp:term":[{"taxonomy":"product_brand","embeddable":true,"href":"https:\/\/www.xaro.nl\/de\/wp-json\/wp\/v2\/product_brand?post=29447"},{"taxonomy":"product_cat","embeddable":true,"href":"https:\/\/www.xaro.nl\/de\/wp-json\/wp\/v2\/product_cat?post=29447"},{"taxonomy":"product_tag","embeddable":true,"href":"https:\/\/www.xaro.nl\/de\/wp-json\/wp\/v2\/product_tag?post=29447"}],"curies":[{"name":"wp","href":"https:\/\/api.w.org\/{rel}","templated":true}]}}