{"id":29446,"date":"2023-08-22T14:38:39","date_gmt":"2023-08-22T12:38:39","guid":{"rendered":"https:\/\/www.xaro.nl\/product\/norcool-weinklimaschrank-cave-180-doppelte-zone-159-flaschen\/"},"modified":"2024-10-03T22:59:18","modified_gmt":"2024-10-03T20:59:18","slug":"norcool-weinklimaschrank-cave-180-doppelte-zone-159-flaschen","status":"publish","type":"product","link":"https:\/\/www.xaro.nl\/de\/norcool-weinklimaschrank-cave-180-doppelte-zone-159-flaschen\/","title":{"rendered":"Norcool Weinklimaschrank Cave 180 (Doppelte Zone) &#8211; 159 Flaschen"},"content":{"rendered":"<h2 style=\"font-size: 16px; font-weight: 600; font-family: open sans; color: #202b34; text-align: left;\">Norcool Weinklimaschrank Cave 180 DZ:<\/h2>\n<p>Dieser freistehende Weinklimaschrank von <a href=\"https:\/\/www.xaro.nl\/wijnkasten\/wijnklimaatkasten\/?filter_merk=norcool\" target=\"_blank\" rel=\"noopener\"><strong>Norcool<\/strong><\/a> strahlt Exklusivit\u00e4t durch sein zeitloses Design, Holzb\u00f6den und ger\u00e4uchertes Sicherheitsglas aus. Erleben Sie eine optimale Temperaturkontrolle mit zwei Zonen, sodass Sie sowohl f\u00fcr Rot- als auch f\u00fcr Wei\u00dfwein ideale Bedingungen schaffen und ein unvergleichliches Geschmackserlebnis genie\u00dfen k\u00f6nnen. Dies ist ein ger\u00e4umiger freistehender Weink\u00fchler mit Platz f\u00fcr 159 Flaschen der Standardgr\u00f6\u00dfe 75 cl.<\/p>\n<p>Als stolzer und exklusiver Lieferant von Norcool in den Niederlanden freuen wir uns, Ihnen den Cave 180 DZ vorstellen zu d\u00fcrfen. Entdecken Sie den ultimativen Begleiter, der Ihr Weinerlebnis bereichert. Machen Sie das Beste aus Ihrer wertvollen Weinsammlung und verleihen Sie jedem Anlass einen Hauch von Luxus!<\/p>\n<h3 style=\"font-size: 16px; font-weight: 600; font-family: open sans; color: #1d242d; text-align: left;\">Die Produktvorteile des Norcool Cave 180 DZ im \u00dcberblick:<\/h3>\n<ul>\n<li>Freistehend und vielseitig<\/li>\n<li>Exklusives Design<\/li>\n<li>Gro\u00dfe Speicherkapazit\u00e4t<\/li>\n<li>Zwei Temperaturzonen, 4\u201312 \u00b0C und 12\u201322 \u00b0C<\/li>\n<li>Ger\u00e4uchertes, geh\u00e4rtetes Glas<\/li>\n<li>Ausziehbare Holzregale auf F\u00fchrungen<\/li>\n<li>Regal<\/li>\n<li>LED-Beleuchtung und digitaler Thermostat<\/li>\n<li>Abschlie\u00dfbar<\/li>\n<\/ul>\n<p>Schauen Sie sich den <strong><a href=\"https:\/\/www.xaro.nl\/norcool-wijnklimaatkast-cave-170-dubbele-zone-163-flessen\/\" target=\"_blank\" rel=\"noopener\">CAVE 170 DZ<\/a><\/strong> an, ein Modell mit vergleichbarer Gr\u00f6\u00dfe, aber etwas mehr Kapazit\u00e4t.<\/p>\n","protected":false},"excerpt":{"rendered":"<p>Entdecken Sie den Cave 180 DZ, den stilvollen freistehenden Weink\u00fchler von Norcool. Mit seinem zeitlosen Design und der T\u00fcr aus Rauchglas strahlt dieser Weink\u00fchler Exklusivit\u00e4t aus. Lagern Sie bis zu 159 Flaschen, verteilt auf zwei separate Temperaturzonen, damit sowohl Rot- als auch Wei\u00dfweine ihr volles Potenzial entfalten k\u00f6nnen.<\/p>\n<p>Genie\u00dfen Sie den Komfort ausziehbarer Holzregale, die von flexiblen F\u00fchrungen gef\u00fchrt und mit heller LED-Beleuchtung beleuchtet werden. Betreten Sie eine Welt, in der die Weinkonservierung zur Kunst wird, exklusiv mit der norwegischen Handwerkskunst von Norcool.<\/p>\n","protected":false},"featured_media":27382,"comment_status":"open","ping_status":"closed","template":"","meta":{"_acf_changed":false,"inline_featured_image":false},"product_brand":[],"product_cat":[333,329],"product_tag":[287],"class_list":{"0":"post-29446","1":"product","2":"type-product","3":"status-publish","4":"has-post-thumbnail","6":"product_cat-weinklimaschranke","7":"product_cat-weinschranke","8":"product_tag-norcool-deutschland","9":"tm-no-options","11":"first","12":"instock","13":"taxable","14":"shipping-taxable","15":"purchasable","16":"product-type-simple"},"acf":[],"jetpack_sharing_enabled":true,"tiered_pricing_type":"fixed","tiered_pricing_fixed_rules":[],"tiered_pricing_product_settings":{"layout":"default","base_unit_name":{"singular":null,"plural":null},"default_variation":null},"tiered_pricing_minimum_quantity":null,"tiered_pricing_roles_data":[],"tiered_pricing_percentage_rules":[],"_links":{"self":[{"href":"https:\/\/www.xaro.nl\/de\/wp-json\/wp\/v2\/product\/29446","targetHints":{"allow":["GET"]}}],"collection":[{"href":"https:\/\/www.xaro.nl\/de\/wp-json\/wp\/v2\/product"}],"about":[{"href":"https:\/\/www.xaro.nl\/de\/wp-json\/wp\/v2\/types\/product"}],"replies":[{"embeddable":true,"href":"https:\/\/www.xaro.nl\/de\/wp-json\/wp\/v2\/comments?post=29446"}],"version-history":[{"count":1,"href":"https:\/\/www.xaro.nl\/de\/wp-json\/wp\/v2\/product\/29446\/revisions"}],"predecessor-version":[{"id":45898,"href":"https:\/\/www.xaro.nl\/de\/wp-json\/wp\/v2\/product\/29446\/revisions\/45898"}],"wp:featuredmedia":[{"embeddable":true,"href":"https:\/\/www.xaro.nl\/de\/wp-json\/wp\/v2\/media\/27382"}],"wp:attachment":[{"href":"https:\/\/www.xaro.nl\/de\/wp-json\/wp\/v2\/media?parent=29446"}],"wp:term":[{"taxonomy":"product_brand","embeddable":true,"href":"https:\/\/www.xaro.nl\/de\/wp-json\/wp\/v2\/product_brand?post=29446"},{"taxonomy":"product_cat","embeddable":true,"href":"https:\/\/www.xaro.nl\/de\/wp-json\/wp\/v2\/product_cat?post=29446"},{"taxonomy":"product_tag","embeddable":true,"href":"https:\/\/www.xaro.nl\/de\/wp-json\/wp\/v2\/product_tag?post=29446"}],"curies":[{"name":"wp","href":"https:\/\/api.w.org\/{rel}","templated":true}]}}