{"id":29443,"date":"2023-08-22T14:53:27","date_gmt":"2023-08-22T12:53:27","guid":{"rendered":"https:\/\/www.xaro.nl\/product\/norcool-weinklimaschrank-cave-170-doppelte-zone-163-flaschen\/"},"modified":"2024-10-03T22:58:46","modified_gmt":"2024-10-03T20:58:46","slug":"norcool-weinklimaschrank-cave-170-doppelte-zone-163-flaschen","status":"publish","type":"product","link":"https:\/\/www.xaro.nl\/de\/norcool-weinklimaschrank-cave-170-doppelte-zone-163-flaschen\/","title":{"rendered":"Norcool Weinklimaschrank Cave 170 (Doppelte Zone) &#8211; 163 Flaschen"},"content":{"rendered":"<h2 style=\"font-size: 16px; font-weight: 600; font-family: open sans; color: #202b34; text-align: left;\">Norcool Weinklimaschrank Cave 170 DZ:<\/h2>\n<p>Entdecken Sie die ultimative Weinlagerung mit <strong><a href=\"https:\/\/www.xaro.nl\/wijnkasten\/wijnklimaatkasten\/?filter_merk=norcool\" target=\"_blank\" rel=\"noopener\">Norcools<\/a><\/strong> gr\u00f6\u00dftem Weinklimaschrank, dem Cave 170 DZ! Mit Platz f\u00fcr 163 Flaschen bietet dieser Weink\u00fchler ausreichend Stauraum f\u00fcr Ihre wachsende Weinsammlung. Das zeitlose Design, die Holzb\u00f6den und das Rauchsicherheitsglas verleihen jedem Raum eine exklusive Optik.<\/p>\n<p>Genie\u00dfen Sie den Komfort von zwei Temperaturzonen, perfekt f\u00fcr Rot- und Wei\u00dfweine. Lagern Sie Ihre Weine stilvoll und sorgen Sie f\u00fcr die perfekte Serviertemperatur. Dieser freistehende Weink\u00fchler ben\u00f6tigt keine separate Bel\u00fcftung, sodass Sie ihn frei platzieren k\u00f6nnen, wo immer Sie m\u00f6chten. Dies macht es zu einer sch\u00f6nen Erg\u00e4nzung f\u00fcr jedes Interieur.<\/p>\n<p>Als exklusiver Importeur von Norcool pr\u00e4sentieren wir stolz den Cave 170 DZ, Ihren ultimativen Begleiter zur Verfeinerung Ihres Weinerlebnisses. Machen Sie das Beste aus Ihrer Weinsammlung und verleihen Sie jedem Anlass einen Hauch von Luxus!<\/p>\n<h3 style=\"font-size: 16px; font-weight: 600; font-family: open sans; color: #1d242d; text-align: left;\">Die Produktvorteile des Norcool Cave 170 DZ im \u00dcberblick:<\/h3>\n<ul>\n<li>Freistehend und vielseitig<\/li>\n<li>Exklusives Design<\/li>\n<li>Gro\u00dfe Speicherkapazit\u00e4t<\/li>\n<li>Zwei Temperaturzonen, 4\u201312 \u00b0C und 12\u201322 \u00b0C<\/li>\n<li>Ausziehbare Holzregale auf F\u00fchrungen<\/li>\n<li>Regal<\/li>\n<li>Ger\u00e4uchertes, geh\u00e4rtetes Glas<\/li>\n<li>LED-Beleuchtung und digitaler Thermostat<\/li>\n<li>Abschlie\u00dfbar<\/li>\n<\/ul>\n<p>Sehen Sie sich den <strong><a href=\"https:\/\/www.xaro.nl\/norcool-wijnklimaatkast-cave-180-dubbele-zone-159-flessen\/\" target=\"_blank\" rel=\"noopener\">CAVE 180 DZ<\/a><\/strong> an, ein Modell mit vergleichbarer Gr\u00f6\u00dfe, das jedoch \u00fcber zus\u00e4tzliche Regale und etwas weniger Platz verf\u00fcgt.<\/p>\n","protected":false},"excerpt":{"rendered":"<p>Entdecken Sie den Cave 170 DZ, den stilvollen freistehenden Weinklimaschrank von Norcool. Mit seinem zeitlosen Design und der T\u00fcr aus Rauchglas strahlt dieser Weink\u00fchler Exklusivit\u00e4t aus. Lagern Sie bis zu 163 Flaschen, verteilt auf zwei separate Temperaturzonen, damit sowohl Rot- als auch Wei\u00dfweine ihr volles Potenzial entfalten k\u00f6nnen.<\/p>\n<p>Genie\u00dfen Sie den Komfort ausziehbarer Holzregale, die von flexiblen F\u00fchrungen gef\u00fchrt und mit heller LED-Beleuchtung beleuchtet werden. Entdecken Sie eine Welt, in der die Weinkonservierung zur Kunst wird, exklusiv mit der norwegischen Handwerkskunst von Norcool.<\/p>\n","protected":false},"featured_media":27383,"comment_status":"open","ping_status":"closed","template":"","meta":{"_acf_changed":false,"inline_featured_image":false},"product_brand":[],"product_cat":[333,329],"product_tag":[287],"class_list":{"0":"post-29443","1":"product","2":"type-product","3":"status-publish","4":"has-post-thumbnail","6":"product_cat-weinklimaschranke","7":"product_cat-weinschranke","8":"product_tag-norcool-deutschland","9":"tm-no-options","11":"first","12":"instock","13":"taxable","14":"shipping-taxable","15":"purchasable","16":"product-type-simple"},"acf":[],"jetpack_sharing_enabled":true,"tiered_pricing_type":"fixed","tiered_pricing_fixed_rules":[],"tiered_pricing_product_settings":{"layout":"default","base_unit_name":{"singular":null,"plural":null},"default_variation":null},"tiered_pricing_minimum_quantity":null,"tiered_pricing_roles_data":[],"tiered_pricing_percentage_rules":[],"_links":{"self":[{"href":"https:\/\/www.xaro.nl\/de\/wp-json\/wp\/v2\/product\/29443","targetHints":{"allow":["GET"]}}],"collection":[{"href":"https:\/\/www.xaro.nl\/de\/wp-json\/wp\/v2\/product"}],"about":[{"href":"https:\/\/www.xaro.nl\/de\/wp-json\/wp\/v2\/types\/product"}],"replies":[{"embeddable":true,"href":"https:\/\/www.xaro.nl\/de\/wp-json\/wp\/v2\/comments?post=29443"}],"version-history":[{"count":1,"href":"https:\/\/www.xaro.nl\/de\/wp-json\/wp\/v2\/product\/29443\/revisions"}],"predecessor-version":[{"id":45909,"href":"https:\/\/www.xaro.nl\/de\/wp-json\/wp\/v2\/product\/29443\/revisions\/45909"}],"wp:featuredmedia":[{"embeddable":true,"href":"https:\/\/www.xaro.nl\/de\/wp-json\/wp\/v2\/media\/27383"}],"wp:attachment":[{"href":"https:\/\/www.xaro.nl\/de\/wp-json\/wp\/v2\/media?parent=29443"}],"wp:term":[{"taxonomy":"product_brand","embeddable":true,"href":"https:\/\/www.xaro.nl\/de\/wp-json\/wp\/v2\/product_brand?post=29443"},{"taxonomy":"product_cat","embeddable":true,"href":"https:\/\/www.xaro.nl\/de\/wp-json\/wp\/v2\/product_cat?post=29443"},{"taxonomy":"product_tag","embeddable":true,"href":"https:\/\/www.xaro.nl\/de\/wp-json\/wp\/v2\/product_tag?post=29443"}],"curies":[{"name":"wp","href":"https:\/\/api.w.org\/{rel}","templated":true}]}}