{"id":27600,"date":"2022-01-12T16:08:28","date_gmt":"2022-01-12T15:08:28","guid":{"rendered":"https:\/\/www.xaro.nl\/product\/norcool-weinklimaschrank-cave-60-zwei-zonen-46-flaschen\/"},"modified":"2024-10-03T23:01:16","modified_gmt":"2024-10-03T21:01:16","slug":"norcool-weinklimaschrank-cave-60-double-zone-46-flaschen","status":"publish","type":"product","link":"https:\/\/www.xaro.nl\/de\/norcool-weinklimaschrank-cave-60-zwei-zonen-46-flaschen\/","title":{"rendered":"Norcool Weinklimaschrank Cave 60 (zwei Zonen) &#8211; 46 Flaschen"},"content":{"rendered":"<h2 style=\"font-size: 16px; font-weight: 600; font-family: open sans; color: #202b34; text-align: left;\">Norcool Weinklimaschrank Cave 60 BU DZ:<\/h2>\n<p>Das Beste aus beiden Welten! Dieser elegant gestaltete Weinschrank bietet viel Stauraum und passt dennoch perfekt unter die Arbeitsplatte, sodass er sich leicht in Ihre K\u00fccheneinrichtung integrieren l\u00e4sst. Der Unterbau-Weinklimaschrank ist 60 cm breit und bietet Platz f\u00fcr 46 Weinflaschen \u00e0 75 cl. Zwei Temperaturzonen von 4\u201322 \u00b0C erm\u00f6glichen Ihnen die individuelle Temperaturwahl, sodass sowohl Rot- als auch Wei\u00dfweine perfekt zum Servieren bereit sind.<\/p>\n<p>Viel Platz f\u00fcr Ihren Wein!<\/p>\n","protected":false},"excerpt":{"rendered":"<p><span class=\"Y2IQFc\" lang=\"nl\">Dieser elegante Einbau Weink\u00fchler von Norcool bietet Platz f\u00fcr bis zu 46 Flaschen in 2 unabh\u00e4ngigen Temperaturzonen. Der Cave 60 BU DZ ist ger\u00e4umig, passt genau unter die K\u00fcchenarbeitsplatte und l\u00e4sst sich leicht in Ihre K\u00fccheneinrichtung integrieren. Der Untertisch Weinschrank verf\u00fcgt \u00fcber LED-Beleuchtung und eine digitale Anzeige. Der Weinschrank verf\u00fcgt \u00fcber 11 ausziehbare Holzb\u00f6den, eingelassene Sockel, verstellbare Beine und ein elegantes Design mit ger\u00e4uchertem, geh\u00e4rtetem und UV-gesch\u00fctztem Glas.<\/span><\/p>\n<p>Sehen Sie sich <strong><a href=\"https:\/\/www.xaro.nl\/norcool-wijnklimaatkast-cave-60-dubbele-zone-42-flessen\/\" target=\"_blank\" rel=\"noopener\">hier<\/a><\/strong> die Version mit Doppelt\u00fcren an.<\/p>\n","protected":false},"featured_media":27345,"comment_status":"open","ping_status":"closed","template":"","meta":{"_acf_changed":false,"inline_featured_image":false},"product_brand":[],"product_cat":[330,333,329],"product_tag":[287],"class_list":{"0":"post-27600","1":"product","2":"type-product","3":"status-publish","4":"has-post-thumbnail","6":"product_cat-einbauschranke","7":"product_cat-weinklimaschranke","8":"product_cat-weinschranke","9":"product_tag-norcool-deutschland","10":"tm-no-options","12":"first","13":"instock","14":"taxable","15":"shipping-taxable","16":"purchasable","17":"product-type-simple"},"acf":[],"jetpack_sharing_enabled":true,"tiered_pricing_type":"fixed","tiered_pricing_fixed_rules":[],"tiered_pricing_product_settings":{"layout":"default","base_unit_name":{"singular":null,"plural":null},"default_variation":null},"tiered_pricing_minimum_quantity":null,"tiered_pricing_roles_data":[],"tiered_pricing_percentage_rules":[],"_links":{"self":[{"href":"https:\/\/www.xaro.nl\/de\/wp-json\/wp\/v2\/product\/27600","targetHints":{"allow":["GET"]}}],"collection":[{"href":"https:\/\/www.xaro.nl\/de\/wp-json\/wp\/v2\/product"}],"about":[{"href":"https:\/\/www.xaro.nl\/de\/wp-json\/wp\/v2\/types\/product"}],"replies":[{"embeddable":true,"href":"https:\/\/www.xaro.nl\/de\/wp-json\/wp\/v2\/comments?post=27600"}],"version-history":[{"count":1,"href":"https:\/\/www.xaro.nl\/de\/wp-json\/wp\/v2\/product\/27600\/revisions"}],"predecessor-version":[{"id":45919,"href":"https:\/\/www.xaro.nl\/de\/wp-json\/wp\/v2\/product\/27600\/revisions\/45919"}],"wp:featuredmedia":[{"embeddable":true,"href":"https:\/\/www.xaro.nl\/de\/wp-json\/wp\/v2\/media\/27345"}],"wp:attachment":[{"href":"https:\/\/www.xaro.nl\/de\/wp-json\/wp\/v2\/media?parent=27600"}],"wp:term":[{"taxonomy":"product_brand","embeddable":true,"href":"https:\/\/www.xaro.nl\/de\/wp-json\/wp\/v2\/product_brand?post=27600"},{"taxonomy":"product_cat","embeddable":true,"href":"https:\/\/www.xaro.nl\/de\/wp-json\/wp\/v2\/product_cat?post=27600"},{"taxonomy":"product_tag","embeddable":true,"href":"https:\/\/www.xaro.nl\/de\/wp-json\/wp\/v2\/product_tag?post=27600"}],"curies":[{"name":"wp","href":"https:\/\/api.w.org\/{rel}","templated":true}]}}