{"id":27595,"date":"2021-08-06T16:34:10","date_gmt":"2021-08-06T14:34:10","guid":{"rendered":"https:\/\/www.xaro.nl\/product\/einbau-eckkuehlschrank-norcool-eigenen-fronten-1161-liter\/"},"modified":"2026-02-13T18:44:36","modified_gmt":"2026-02-13T17:44:36","slug":"norcool-einbau-eckkuhlschrank-eigene-fronten-1161-liter","status":"publish","type":"product","link":"https:\/\/www.xaro.nl\/de\/einbau-eckkuehlschrank-norcool-eigenen-fronten-1161-liter\/","title":{"rendered":"Einbau Eckk\u00fchlschrank Norcool eigenen Fronten &#8211; 1161 Liter"},"content":{"rendered":"\t\t<div data-elementor-type=\"product-post\" data-elementor-id=\"27595\" class=\"elementor elementor-27595 elementor-14939\" data-elementor-post-type=\"product\">\n\t\t\t\t\t\t<section class=\"wd-negative-gap elementor-section elementor-top-section elementor-element elementor-element-2d82b950 elementor-section-boxed elementor-section-height-default elementor-section-height-default\" data-id=\"2d82b950\" data-element_type=\"section\" data-e-type=\"section\">\n\t\t\t\t\t\t<div class=\"elementor-container elementor-column-gap-default\">\n\t\t\t\t\t<div class=\"elementor-column elementor-col-100 elementor-top-column elementor-element elementor-element-1d1e65f7\" data-id=\"1d1e65f7\" data-element_type=\"column\" data-e-type=\"column\">\n\t\t\t<div class=\"elementor-widget-wrap elementor-element-populated\">\n\t\t\t\t\t\t<div class=\"elementor-element elementor-element-16f5f12d color-scheme-inherit text-left elementor-widget elementor-widget-text-editor\" data-id=\"16f5f12d\" data-element_type=\"widget\" data-e-type=\"widget\" data-widget_type=\"text-editor.default\">\n\t\t\t\t<div class=\"elementor-widget-container\">\n\t\t\t\t\t\t\t\t\t<h2 style=\"font-size: 16px; font-weight: 600; font-family: open sans; color: #202b34; text-align: left;\">Norcool Einbau Eckk\u00fchlschrank mit eigenen Fronten:<\/h2>\nLeiden Sie unter einem \u00fcberf\u00fcllten K\u00fchlschrank, bei dem man leicht den \u00dcberblick verliert? \u00dcberf\u00fcllte Regale aufgrund der Feiertage, eines Abendessens\/Getr\u00e4nkes mit Freunden oder eines Sonntagsessens? Dann kann der Eckk\u00fchlschrank von Norcool eine L\u00f6sung bieten. Mit einem Fassungsverm\u00f6gen von satten 1161 Litern ist er einer der gr\u00f6\u00dften K\u00fchlschr\u00e4nke auf dem Markt &#8211; das entspricht 4-5 K\u00fchlschr\u00e4nken!\n\nDer Eckk\u00fchlschrank kann freistehend oder in Ihre K\u00fcche integriert geliefert werden. Eine Integration in Ihre K\u00fcche mit eigenen M\u00f6belpaneelen \/ K\u00fcchenpaneelen ist m\u00f6glich.\n\nDie Kombination aus enormem Fassungsverm\u00f6gen und geringem Energieverbrauch machen diesen K\u00fchlschrank zum Liebling kleiner und gro\u00dfer Haushalte. Jetzt auch mit LED-Beleuchtung, T\u00fcralarm und digitalem Thermostat!\n\nXARO ist seit 2016 exklusiv bei Norcool in den Niederlanden erh\u00e4ltlich.\n<h3 style=\"font-size: 14px; font-weight: 600; font-family: open sans; color: #202b34; text-align: left;\">Funktionen und Vorteile:<\/h3>\n&#8211; Volumen von 1.161 Litern, vergleichbar mit 4 &#8211; 5 Standard-K\u00fchlschr\u00e4nken!\n&#8211; 3 m2 Ablagefl\u00e4chen aus geh\u00e4rtetem Glas f\u00fcr eine gute \u00dcbersicht\n&#8211; Geringer Ger\u00e4uschpegel dank modernster K\u00fchltechnik\n&#8211; Integrierbar A+\n&#8211; Selbst zu installieren\n&#8211; Lieferung in 6 einfach zu montierenden Teilen\t\t\t\t\t\t\t\t<\/div>\n\t\t\t\t<\/div>\n\t\t\t\t\t<\/div>\n\t\t<\/div>\n\t\t\t\t\t<\/div>\n\t\t<\/section>\n\t\t\t\t<\/div>\n\t\t","protected":false},"excerpt":{"rendered":"<p>Integrierbarer Luxus-Eckk\u00fchlschrank mit einem Volumen von 1.161 Litern, das entspricht 4 &#8211; 5 normalen K\u00fchlschr\u00e4nken. Dies ist einer der gr\u00f6\u00dften Haushaltsk\u00fchlschr\u00e4nke auf dem Markt. Dieser K\u00fchlschrank l\u00e4sst sich mit seinen eigenen M\u00f6belpaneelen vollst\u00e4ndig in Ihre K\u00fcche integrieren. Die Kombination aus enormem Fassungsverm\u00f6gen und geringem Energieverbrauch machen diesen K\u00fchlschrank zum Liebling kleiner und gro\u00dfer Haushalte.<\/p>\n","protected":false},"featured_media":56761,"comment_status":"open","ping_status":"closed","template":"","meta":{"_acf_changed":false,"inline_featured_image":false},"product_brand":[],"product_cat":[320],"product_tag":[287],"class_list":{"0":"post-27595","1":"product","2":"type-product","3":"status-publish","4":"has-post-thumbnail","6":"product_cat-eckkuhlschranke","7":"product_tag-norcool-deutschland","8":"tm-no-options","10":"first","11":"instock","12":"taxable","13":"shipping-taxable","14":"purchasable","15":"product-type-simple"},"acf":[],"jetpack_sharing_enabled":true,"tiered_pricing_type":"fixed","tiered_pricing_fixed_rules":[],"tiered_pricing_product_settings":{"layout":"default","base_unit_name":{"singular":null,"plural":null},"default_variation":null},"tiered_pricing_minimum_quantity":null,"tiered_pricing_roles_data":[],"tiered_pricing_percentage_rules":[],"_links":{"self":[{"href":"https:\/\/www.xaro.nl\/de\/wp-json\/wp\/v2\/product\/27595","targetHints":{"allow":["GET"]}}],"collection":[{"href":"https:\/\/www.xaro.nl\/de\/wp-json\/wp\/v2\/product"}],"about":[{"href":"https:\/\/www.xaro.nl\/de\/wp-json\/wp\/v2\/types\/product"}],"replies":[{"embeddable":true,"href":"https:\/\/www.xaro.nl\/de\/wp-json\/wp\/v2\/comments?post=27595"}],"version-history":[{"count":4,"href":"https:\/\/www.xaro.nl\/de\/wp-json\/wp\/v2\/product\/27595\/revisions"}],"predecessor-version":[{"id":57240,"href":"https:\/\/www.xaro.nl\/de\/wp-json\/wp\/v2\/product\/27595\/revisions\/57240"}],"wp:featuredmedia":[{"embeddable":true,"href":"https:\/\/www.xaro.nl\/de\/wp-json\/wp\/v2\/media\/56761"}],"wp:attachment":[{"href":"https:\/\/www.xaro.nl\/de\/wp-json\/wp\/v2\/media?parent=27595"}],"wp:term":[{"taxonomy":"product_brand","embeddable":true,"href":"https:\/\/www.xaro.nl\/de\/wp-json\/wp\/v2\/product_brand?post=27595"},{"taxonomy":"product_cat","embeddable":true,"href":"https:\/\/www.xaro.nl\/de\/wp-json\/wp\/v2\/product_cat?post=27595"},{"taxonomy":"product_tag","embeddable":true,"href":"https:\/\/www.xaro.nl\/de\/wp-json\/wp\/v2\/product_tag?post=27595"}],"curies":[{"name":"wp","href":"https:\/\/api.w.org\/{rel}","templated":true}]}}