{"id":14946,"date":"2021-08-06T16:34:13","date_gmt":"2021-08-06T16:34:13","guid":{"rendered":"http:\/\/www.xaro.nl\/?post_type=product&#038;p=14946"},"modified":"2025-11-12T14:36:33","modified_gmt":"2025-11-12T13:36:33","slug":"pevino-wijnklimaatkast-zwart-enkele-zone-107-flessen","status":"publish","type":"product","link":"https:\/\/www.xaro.nl\/pevino-wijnklimaatkast-zwart-enkele-zone-107-flessen\/","title":{"rendered":"PeVino wijnklimaatkast zwart (enkele zone) &#8211; 107 flessen"},"content":{"rendered":"<h5>PeVino wijnklimaatkast PI106S-B:<\/h5>\n<p>Deze wijnklimaatkast van PeVino biedt plaats aan maximaal 107 flessen in \u00e9\u00e9n temperatuurzone.<\/p>\n<p>De wijnklimaatkasten van PeVino zijn toonaangevend op het gebied van design en functionaliteit. De wijnkasten zijn ontworpen en ontwikkeld in Denemarken, tot de nok toe gevuld met de nieuwste technologie en functies, waardoor uw wijn de best mogelijke bewaarcondities krijgt.<\/p>\n<p>Deze gloednieuwe ge\u00efntegreerde wijnklimaatkast heeft \u00e9\u00e9n koelzone (5-20\u00b0C), een zwart front, zwarte handgreep en glazen deur met energiezuinig LOW-E glas. Bewaart tot 107 flessen van het type Bordeaux. Uw flessen staan \u200b\u200bop 14 uitschuifbare beukenhouten leggers, verlicht door een prachtig oranje, wit of blauw LED-licht.<\/p>\n<p><strong>Deurbreedte:<\/strong> 59,5 cm<\/p>\n","protected":false},"excerpt":{"rendered":"<p>Deze wijnklimaatkast van PeVino biedt plaats aan maximaal 107 flessen in \u00e9\u00e9n temperatuurzone.<\/p>\n","protected":false},"featured_media":380,"comment_status":"open","ping_status":"closed","template":"","meta":{"_acf_changed":false,"inline_featured_image":false},"product_brand":[],"product_cat":[41,17,18,52],"product_tag":[19],"class_list":{"0":"post-14946","1":"product","2":"type-product","3":"status-publish","4":"has-post-thumbnail","6":"product_cat-inbouwkasten","7":"product_cat-wijnkasten","8":"product_cat-wijnklimaatkasten","9":"product_cat-wijnkoelkasten","10":"product_tag-pevino","11":"tm-no-options","13":"first","14":"instock","15":"taxable","16":"shipping-taxable","17":"purchasable","18":"product-type-simple"},"acf":[],"jetpack_sharing_enabled":true,"tiered_pricing_type":"fixed","tiered_pricing_fixed_rules":[],"tiered_pricing_product_settings":{"layout":"default","base_unit_name":{"singular":null,"plural":null},"default_variation":null},"tiered_pricing_minimum_quantity":null,"tiered_pricing_roles_data":[],"tiered_pricing_percentage_rules":[],"_links":{"self":[{"href":"https:\/\/www.xaro.nl\/de\/wp-json\/wp\/v2\/product\/14946","targetHints":{"allow":["GET"]}}],"collection":[{"href":"https:\/\/www.xaro.nl\/de\/wp-json\/wp\/v2\/product"}],"about":[{"href":"https:\/\/www.xaro.nl\/de\/wp-json\/wp\/v2\/types\/product"}],"replies":[{"embeddable":true,"href":"https:\/\/www.xaro.nl\/de\/wp-json\/wp\/v2\/comments?post=14946"}],"version-history":[{"count":6,"href":"https:\/\/www.xaro.nl\/de\/wp-json\/wp\/v2\/product\/14946\/revisions"}],"predecessor-version":[{"id":55669,"href":"https:\/\/www.xaro.nl\/de\/wp-json\/wp\/v2\/product\/14946\/revisions\/55669"}],"wp:featuredmedia":[{"embeddable":true,"href":"https:\/\/www.xaro.nl\/de\/wp-json\/wp\/v2\/media\/380"}],"wp:attachment":[{"href":"https:\/\/www.xaro.nl\/de\/wp-json\/wp\/v2\/media?parent=14946"}],"wp:term":[{"taxonomy":"product_brand","embeddable":true,"href":"https:\/\/www.xaro.nl\/de\/wp-json\/wp\/v2\/product_brand?post=14946"},{"taxonomy":"product_cat","embeddable":true,"href":"https:\/\/www.xaro.nl\/de\/wp-json\/wp\/v2\/product_cat?post=14946"},{"taxonomy":"product_tag","embeddable":true,"href":"https:\/\/www.xaro.nl\/de\/wp-json\/wp\/v2\/product_tag?post=14946"}],"curies":[{"name":"wp","href":"https:\/\/api.w.org\/{rel}","templated":true}]}}