{"id":45994,"date":"2021-09-29T09:50:48","date_gmt":"2021-09-29T07:50:48","guid":{"rendered":"https:\/\/www.xaro.nl\/rueckerstattung-und-rueckgaberecht\/"},"modified":"2024-07-24T13:54:57","modified_gmt":"2024-07-24T11:54:57","slug":"rueckerstattung-und-rueckgaberecht","status":"publish","type":"page","link":"https:\/\/www.xaro.nl\/de\/rueckerstattung-und-rueckgaberecht\/","title":{"rendered":"R\u00fcckerstattung und R\u00fcckgaberecht"},"content":{"rendered":"\t\t<div data-elementor-type=\"wp-page\" data-elementor-id=\"45994\" class=\"elementor elementor-45994 elementor-16363\" data-elementor-post-type=\"page\">\n\t\t\t\t\t\t<section class=\"wd-negative-gap elementor-section elementor-top-section elementor-element elementor-element-6d104cc2 elementor-section-full_width elementor-section-height-default elementor-section-height-default\" data-id=\"6d104cc2\" data-element_type=\"section\" data-e-type=\"section\">\n\t\t\t\t\t\t<div class=\"elementor-container elementor-column-gap-default\">\n\t\t\t\t\t<div class=\"elementor-column elementor-col-100 elementor-top-column elementor-element elementor-element-41953bc4\" data-id=\"41953bc4\" data-element_type=\"column\" data-e-type=\"column\">\n\t\t\t<div class=\"elementor-widget-wrap elementor-element-populated\">\n\t\t\t\t\t\t<div class=\"elementor-element elementor-element-3593a2e4 elementor-widget elementor-widget-woocommerce-breadcrumb\" data-id=\"3593a2e4\" data-element_type=\"widget\" data-e-type=\"widget\" data-widget_type=\"woocommerce-breadcrumb.default\">\n\t\t\t\t<div class=\"elementor-widget-container\">\n\t\t\t\t\t<nav class=\"wd-breadcrumbs woocommerce-breadcrumb\" aria-label=\"Breadcrumb\">\t\t\t\t<span class=\"wd-last\">\n\t\t\t\t\tStartseite\t\t\t\t<\/span>\n\t\t\t<\/nav>\t\t\t\t<\/div>\n\t\t\t\t<\/div>\n\t\t\t\t\t<\/div>\n\t\t<\/div>\n\t\t\t\t\t<\/div>\n\t\t<\/section>\n\t\t\t\t<section class=\"wd-negative-gap elementor-section elementor-top-section elementor-element elementor-element-04832dc elementor-section-boxed elementor-section-height-default elementor-section-height-default\" data-id=\"04832dc\" data-element_type=\"section\" data-e-type=\"section\">\n\t\t\t\t\t\t<div class=\"elementor-container elementor-column-gap-default\">\n\t\t\t\t\t<div class=\"elementor-column elementor-col-100 elementor-top-column elementor-element elementor-element-42b4622\" data-id=\"42b4622\" data-element_type=\"column\" data-e-type=\"column\">\n\t\t\t<div class=\"elementor-widget-wrap elementor-element-populated\">\n\t\t\t\t\t\t<div class=\"elementor-element elementor-element-ccfb291 color-scheme-inherit text-left elementor-widget elementor-widget-text-editor\" data-id=\"ccfb291\" data-element_type=\"widget\" data-e-type=\"widget\" data-widget_type=\"text-editor.default\">\n\t\t\t\t<div class=\"elementor-widget-container\">\n\t\t\t\t\t\t\t\t\t<p>Sie k\u00f6nnen das Produkt immer innerhalb von 14 Tagen nach Erhalt zur\u00fcckgeben. Sie k\u00f6nnen dies tun, indem Sie eine E-Mail an <strong><a href=\"mailto:info@xaro.nl\">info@xaro.nl<\/a><\/strong>. Nachdem Sie eine Best\u00e4tigung von uns erhalten haben, m\u00fcssen Sie das Produkt innerhalb von 14 Tagen versenden. Sobald wir das Produkt erhalten haben, erstatten wir Ihnen den vollen Kaufpreis innerhalb von 14 Tagen. Sie tragen die Kosten f\u00fcr die R\u00fccksendung. W\u00e4hrend der Zeit, in der Sie \u00fcberlegen m\u00fcssen, ob Sie das Produkt behalten wollen, sollten Sie das Produkt und seine Verpackung sorgf\u00e4ltig behandeln. Sie d\u00fcrfen das Produkt nur so weit auspacken und benutzen, wie es notwendig ist, um festzustellen, ob Sie das Produkt behalten m\u00f6chten.<\/p>\t\t\t\t\t\t\t\t<\/div>\n\t\t\t\t<\/div>\n\t\t\t\t\t<\/div>\n\t\t<\/div>\n\t\t\t\t\t<\/div>\n\t\t<\/section>\n\t\t\t\t<\/div>\n\t\t","protected":false},"excerpt":{"rendered":"<p>Sie k\u00f6nnen das Produkt immer innerhalb von 14 Tagen nach Erhalt zur\u00fcckgeben. Sie k\u00f6nnen dies tun, indem Sie eine E-Mail<\/p>\n","protected":false},"author":1,"featured_media":0,"parent":0,"menu_order":0,"comment_status":"closed","ping_status":"closed","template":"","meta":{"_acf_changed":false,"inline_featured_image":false,"footnotes":""},"class_list":["post-45994","page","type-page","status-publish","hentry"],"acf":[],"jetpack_sharing_enabled":true,"_links":{"self":[{"href":"https:\/\/www.xaro.nl\/de\/wp-json\/wp\/v2\/pages\/45994","targetHints":{"allow":["GET"]}}],"collection":[{"href":"https:\/\/www.xaro.nl\/de\/wp-json\/wp\/v2\/pages"}],"about":[{"href":"https:\/\/www.xaro.nl\/de\/wp-json\/wp\/v2\/types\/page"}],"author":[{"embeddable":true,"href":"https:\/\/www.xaro.nl\/de\/wp-json\/wp\/v2\/users\/1"}],"replies":[{"embeddable":true,"href":"https:\/\/www.xaro.nl\/de\/wp-json\/wp\/v2\/comments?post=45994"}],"version-history":[{"count":4,"href":"https:\/\/www.xaro.nl\/de\/wp-json\/wp\/v2\/pages\/45994\/revisions"}],"predecessor-version":[{"id":48148,"href":"https:\/\/www.xaro.nl\/de\/wp-json\/wp\/v2\/pages\/45994\/revisions\/48148"}],"wp:attachment":[{"href":"https:\/\/www.xaro.nl\/de\/wp-json\/wp\/v2\/media?parent=45994"}],"curies":[{"name":"wp","href":"https:\/\/api.w.org\/{rel}","templated":true}]}}