{"id":45980,"date":"2021-07-08T12:43:31","date_gmt":"2021-07-08T10:43:31","guid":{"rendered":"https:\/\/www.xaro.nl\/versand-und-lieferung\/"},"modified":"2024-07-10T17:03:49","modified_gmt":"2024-07-10T15:03:49","slug":"versand-und-lieferung","status":"publish","type":"page","link":"https:\/\/www.xaro.nl\/de\/versand-und-lieferung\/","title":{"rendered":"Versand und Lieferung"},"content":{"rendered":"\t\t<div data-elementor-type=\"wp-page\" data-elementor-id=\"45980\" class=\"elementor elementor-45980 elementor-14013\" data-elementor-post-type=\"page\">\n\t\t\t\t\t\t<section class=\"wd-negative-gap elementor-section elementor-top-section elementor-element elementor-element-9b281e6 elementor-section-full_width elementor-section-height-default elementor-section-height-default\" data-id=\"9b281e6\" data-element_type=\"section\" data-e-type=\"section\">\n\t\t\t\t\t\t<div class=\"elementor-container elementor-column-gap-default\">\n\t\t\t\t\t<div class=\"elementor-column elementor-col-100 elementor-top-column elementor-element elementor-element-484806b1\" data-id=\"484806b1\" data-element_type=\"column\" data-e-type=\"column\">\n\t\t\t<div class=\"elementor-widget-wrap elementor-element-populated\">\n\t\t\t\t\t\t<div class=\"elementor-element elementor-element-4af53afc elementor-widget elementor-widget-woocommerce-breadcrumb\" data-id=\"4af53afc\" data-element_type=\"widget\" data-e-type=\"widget\" data-widget_type=\"woocommerce-breadcrumb.default\">\n\t\t\t\t<div class=\"elementor-widget-container\">\n\t\t\t\t\t<nav class=\"wd-breadcrumbs woocommerce-breadcrumb\" aria-label=\"Breadcrumb\">\t\t\t\t<span class=\"wd-last\">\n\t\t\t\t\tStartseite\t\t\t\t<\/span>\n\t\t\t<\/nav>\t\t\t\t<\/div>\n\t\t\t\t<\/div>\n\t\t\t\t\t<\/div>\n\t\t<\/div>\n\t\t\t\t\t<\/div>\n\t\t<\/section>\n\t\t\t\t<section class=\"wd-negative-gap elementor-section elementor-top-section elementor-element elementor-element-ca9af21 elementor-section-boxed elementor-section-height-default elementor-section-height-default\" data-id=\"ca9af21\" data-element_type=\"section\" data-e-type=\"section\">\n\t\t\t\t\t\t<div class=\"elementor-container elementor-column-gap-default\">\n\t\t\t\t\t<div class=\"elementor-column elementor-col-100 elementor-top-column elementor-element elementor-element-d13165f\" data-id=\"d13165f\" data-element_type=\"column\" data-e-type=\"column\">\n\t\t\t<div class=\"elementor-widget-wrap elementor-element-populated\">\n\t\t\t\t\t\t<div class=\"elementor-element elementor-element-ca8f733 color-scheme-inherit text-left elementor-widget elementor-widget-text-editor\" data-id=\"ca8f733\" data-element_type=\"widget\" data-e-type=\"widget\" data-widget_type=\"text-editor.default\">\n\t\t\t\t<div class=\"elementor-widget-container\">\n\t\t\t\t\t\t\t\t\t<p>1. Die Produkte werden ab Lager und auf Rechnung und Gefahr des Kunden geliefert, sofern nicht ausdr\u00fccklich etwas anderes vereinbart wurde.<\/p>\n<p>2. Bei der Lieferung bestimmt Xaro die Wahl des Transportmittels, sofern nicht ausdr\u00fccklich etwas anderes vereinbart wurde.<\/p>\n<p>3. Die Lieferung erfolgt nur dorthin, wo die Transportmittel vern\u00fcnftigerweise hingelangen k\u00f6nnen. Der K\u00e4ufer ist verpflichtet, die Produkte dort in Empfang zu nehmen und sie sofort abzuladen. Wenn der Kunde dies nicht tut, gehen alle anfallenden Kosten zu seinen Lasten.<\/p>\n<p>4. Erfolgt die Lieferung in mehreren Teilen, so gilt jede Einzellieferung als separates Gesch\u00e4ft. Dies mit allen rechtlichen Konsequenzen.<\/p>\n<p>5. Wenn Lieferungen aus Gr\u00fcnden, die Xaro nicht zu vertreten hat, nicht, nicht rechtzeitig oder nicht ordnungsgem\u00e4\u00df durchgef\u00fchrt werden k\u00f6nnen, beh\u00e4lt sich Xaro das Recht vor, den Vertrag mit dem Kunden aufzul\u00f6sen, ohne dass dies zu einer Schadensersatzpflicht von Xaro f\u00fchrt.<\/p>\n<p>6. R\u00fccksendungen werden ohne die ausdr\u00fcckliche schriftliche Zustimmung von Xaro nicht akzeptiert.<\/p>\n\t\t\t\t\t\t\t\t<\/div>\n\t\t\t\t<\/div>\n\t\t\t\t\t<\/div>\n\t\t<\/div>\n\t\t\t\t\t<\/div>\n\t\t<\/section>\n\t\t\t\t<\/div>\n\t\t","protected":false},"excerpt":{"rendered":"<p>1. Die Produkte werden ab Lager und auf Rechnung und Gefahr des Kunden geliefert, sofern nicht ausdr\u00fccklich etwas anderes vereinbart<\/p>\n","protected":false},"author":2,"featured_media":0,"parent":0,"menu_order":0,"comment_status":"closed","ping_status":"closed","template":"","meta":{"_acf_changed":false,"inline_featured_image":false,"footnotes":""},"class_list":["post-45980","page","type-page","status-publish","hentry"],"acf":[],"jetpack_sharing_enabled":true,"_links":{"self":[{"href":"https:\/\/www.xaro.nl\/de\/wp-json\/wp\/v2\/pages\/45980","targetHints":{"allow":["GET"]}}],"collection":[{"href":"https:\/\/www.xaro.nl\/de\/wp-json\/wp\/v2\/pages"}],"about":[{"href":"https:\/\/www.xaro.nl\/de\/wp-json\/wp\/v2\/types\/page"}],"author":[{"embeddable":true,"href":"https:\/\/www.xaro.nl\/de\/wp-json\/wp\/v2\/users\/2"}],"replies":[{"embeddable":true,"href":"https:\/\/www.xaro.nl\/de\/wp-json\/wp\/v2\/comments?post=45980"}],"version-history":[{"count":1,"href":"https:\/\/www.xaro.nl\/de\/wp-json\/wp\/v2\/pages\/45980\/revisions"}],"predecessor-version":[{"id":45982,"href":"https:\/\/www.xaro.nl\/de\/wp-json\/wp\/v2\/pages\/45980\/revisions\/45982"}],"wp:attachment":[{"href":"https:\/\/www.xaro.nl\/de\/wp-json\/wp\/v2\/media?parent=45980"}],"curies":[{"name":"wp","href":"https:\/\/api.w.org\/{rel}","templated":true}]}}