{"id":45970,"date":"2018-07-06T13:15:50","date_gmt":"2018-07-06T11:15:50","guid":{"rendered":"https:\/\/www.xaro.nl\/datenschutzrichtlinie\/"},"modified":"2024-07-17T10:42:47","modified_gmt":"2024-07-17T08:42:47","slug":"datenschutzrichtlinie","status":"publish","type":"page","link":"https:\/\/www.xaro.nl\/de\/datenschutzrichtlinie\/","title":{"rendered":"Datenschutzrichtlinie"},"content":{"rendered":"\t\t<div data-elementor-type=\"wp-page\" data-elementor-id=\"45970\" class=\"elementor elementor-45970 elementor-1629\" data-elementor-post-type=\"page\">\n\t\t\t\t\t\t<section class=\"wd-negative-gap elementor-section elementor-top-section elementor-element elementor-element-2249c8a6 elementor-section-full_width elementor-section-height-default elementor-section-height-default\" data-id=\"2249c8a6\" data-element_type=\"section\" data-e-type=\"section\">\n\t\t\t\t\t\t<div class=\"elementor-container elementor-column-gap-default\">\n\t\t\t\t\t<div class=\"elementor-column elementor-col-100 elementor-top-column elementor-element elementor-element-312fc257\" data-id=\"312fc257\" data-element_type=\"column\" data-e-type=\"column\">\n\t\t\t<div class=\"elementor-widget-wrap elementor-element-populated\">\n\t\t\t\t\t\t<div class=\"elementor-element elementor-element-72522485 elementor-widget elementor-widget-woocommerce-breadcrumb\" data-id=\"72522485\" data-element_type=\"widget\" data-e-type=\"widget\" data-widget_type=\"woocommerce-breadcrumb.default\">\n\t\t\t\t<div class=\"elementor-widget-container\">\n\t\t\t\t\t<nav class=\"wd-breadcrumbs woocommerce-breadcrumb\" aria-label=\"Breadcrumb\">\t\t\t\t<span class=\"wd-last\">\n\t\t\t\t\tStartseite\t\t\t\t<\/span>\n\t\t\t<\/nav>\t\t\t\t<\/div>\n\t\t\t\t<\/div>\n\t\t\t\t\t<\/div>\n\t\t<\/div>\n\t\t\t\t\t<\/div>\n\t\t<\/section>\n\t\t\t\t<section class=\"wd-negative-gap elementor-section elementor-top-section elementor-element elementor-element-06a98f6 elementor-section-boxed elementor-section-height-default elementor-section-height-default\" data-id=\"06a98f6\" data-element_type=\"section\" data-e-type=\"section\">\n\t\t\t\t\t\t<div class=\"elementor-container elementor-column-gap-default\">\n\t\t\t\t\t<div class=\"elementor-column elementor-col-100 elementor-top-column elementor-element elementor-element-f5d604d\" data-id=\"f5d604d\" data-element_type=\"column\" data-e-type=\"column\">\n\t\t\t<div class=\"elementor-widget-wrap elementor-element-populated\">\n\t\t\t\t\t\t<div class=\"elementor-element elementor-element-97fc239 color-scheme-inherit text-left elementor-widget elementor-widget-text-editor\" data-id=\"97fc239\" data-element_type=\"widget\" data-e-type=\"widget\" data-widget_type=\"text-editor.default\">\n\t\t\t\t<div class=\"elementor-widget-container\">\n\t\t\t\t\t\t\t\t\t<p>Alle Daten, die der Kunde Xaro zur Verf\u00fcgung stellt, sind nur f\u00fcr den internen Gebrauch bestimmt und werden nicht an Dritte weitergegeben. \u00dcber unsere Website wird ein Cookie von Google als Teil des Dienstes &#8222;Analytics&#8220; gesetzt. Wir verwenden diesen Dienst, um zu verfolgen und Berichte dar\u00fcber zu erhalten, wie Besucher die Website nutzen. Auch wird Google diese Informationen gegebenenfalls an Dritte \u00fcbertragen, sofern dies gesetzlich vorgeschrieben ist oder soweit Dritte diese Daten im Auftrag von Google verarbeiten. Wir haben keine Kontrolle dar\u00fcber. Die von Google gesammelten Informationen werden so weit wie m\u00f6glich anonymisiert. Ihre IP-Adresse ist ausdr\u00fccklich nicht enthalten. Die Informationen werden an Google \u00fcbertragen und von Google auf Servern in den Vereinigten Staaten gespeichert. M\u00f6chten Sie das lieber nicht haben? W\u00e4hlen Sie dann die <a href=\"https:\/\/chrome.google.com\/webstore\/detail\/google-analytics-opt-out\/fllaojicojecljbmefodhfapmkghcbnh?hl=nl\" target=\"_blank\" rel=\"noopener\"><strong>Google Analytics Abmeldung<\/strong><\/a> browser Add-on.<\/p><p>Wir verwenden einen Facebook-Pixel, um:<\/p><ul><li><div>die Wirksamkeit von Anzeigen zu messen (um zu analysieren, wie viel Prozent der Personen, die eine Anzeige sehen, die Website besuchen, sich f\u00fcr den Newsletter anmelden oder eine Bestellung aufgeben);<\/div><\/li><li><div>Erstellen Sie \u00e4hnliche Zielgruppen wie die Besucher der Website, um neue Kunden zu gewinnen, die von dem Angebot der Website profitieren k\u00f6nnen;<\/div><\/li><li><div>Sie von Werbung auszuschlie\u00dfen, wenn Sie sich k\u00fcrzlich f\u00fcr den Newsletter angemeldet haben, damit Sie keine irrelevante Werbung sehen.<\/div><\/li><\/ul><p>Zur\u00fcckgeholt von <a href=\"https:\/\/www.facebook.com\/policies\/cookies\/\" target=\"_blank\" rel=\"noopener\"><strong>dieser<\/strong><\/a> Seite erfahren Sie, wie Sie einstellen k\u00f6nnen, wie Facebook Ihre Daten verwendet, um Ihnen Werbeanzeigen zu zeigen, und wie Sie die Anzeige von interessenbezogenen Online-Werbeanzeigen durch Facebook deaktivieren k\u00f6nnen. Die Datenschutzbestimmungen von Facebook finden Sie <a href=\"https:\/\/www.facebook.com\/about\/privacy\/\" target=\"_blank\" rel=\"noopener\"><strong>hier<\/strong><\/a>. Auf dieser Seite erfahren Sie, wie Sie Ihre Facebook-Anzeigeneinstellungen jederzeit einsehen und anpassen k\u00f6nnen.<\/p>\t\t\t\t\t\t\t\t<\/div>\n\t\t\t\t<\/div>\n\t\t\t\t\t<\/div>\n\t\t<\/div>\n\t\t\t\t\t<\/div>\n\t\t<\/section>\n\t\t\t\t<\/div>\n\t\t","protected":false},"excerpt":{"rendered":"<p>Alle Daten, die der Kunde Xaro zur Verf\u00fcgung stellt, sind nur f\u00fcr den internen Gebrauch bestimmt und werden nicht an<\/p>\n","protected":false},"author":2,"featured_media":0,"parent":0,"menu_order":0,"comment_status":"closed","ping_status":"closed","template":"","meta":{"_acf_changed":false,"inline_featured_image":false,"footnotes":""},"class_list":["post-45970","page","type-page","status-publish","hentry"],"acf":[],"jetpack_sharing_enabled":true,"_links":{"self":[{"href":"https:\/\/www.xaro.nl\/de\/wp-json\/wp\/v2\/pages\/45970","targetHints":{"allow":["GET"]}}],"collection":[{"href":"https:\/\/www.xaro.nl\/de\/wp-json\/wp\/v2\/pages"}],"about":[{"href":"https:\/\/www.xaro.nl\/de\/wp-json\/wp\/v2\/types\/page"}],"author":[{"embeddable":true,"href":"https:\/\/www.xaro.nl\/de\/wp-json\/wp\/v2\/users\/2"}],"replies":[{"embeddable":true,"href":"https:\/\/www.xaro.nl\/de\/wp-json\/wp\/v2\/comments?post=45970"}],"version-history":[{"count":4,"href":"https:\/\/www.xaro.nl\/de\/wp-json\/wp\/v2\/pages\/45970\/revisions"}],"predecessor-version":[{"id":47329,"href":"https:\/\/www.xaro.nl\/de\/wp-json\/wp\/v2\/pages\/45970\/revisions\/47329"}],"wp:attachment":[{"href":"https:\/\/www.xaro.nl\/de\/wp-json\/wp\/v2\/media?parent=45970"}],"curies":[{"name":"wp","href":"https:\/\/api.w.org\/{rel}","templated":true}]}}