{"id":45912,"date":"2021-07-08T12:45:34","date_gmt":"2021-07-08T10:45:34","guid":{"rendered":"https:\/\/www.xaro.nl\/geschaeftsbedingungen\/"},"modified":"2024-07-10T16:00:27","modified_gmt":"2024-07-10T14:00:27","slug":"geschaeftsbedingungen","status":"publish","type":"page","link":"https:\/\/www.xaro.nl\/de\/geschaeftsbedingungen\/","title":{"rendered":"Gesch\u00e4ftsbedingungen"},"content":{"rendered":"\t\t<div data-elementor-type=\"wp-page\" data-elementor-id=\"45912\" class=\"elementor elementor-45912 elementor-14018\" data-elementor-post-type=\"page\">\n\t\t\t\t\t\t<section class=\"wd-negative-gap elementor-section elementor-top-section elementor-element elementor-element-695dcce1 elementor-section-full_width elementor-section-height-default elementor-section-height-default\" data-id=\"695dcce1\" data-element_type=\"section\" data-e-type=\"section\">\n\t\t\t\t\t\t<div class=\"elementor-container elementor-column-gap-default\">\n\t\t\t\t\t<div class=\"elementor-column elementor-col-100 elementor-top-column elementor-element elementor-element-1703878\" data-id=\"1703878\" data-element_type=\"column\" data-e-type=\"column\">\n\t\t\t<div class=\"elementor-widget-wrap elementor-element-populated\">\n\t\t\t\t\t\t<div class=\"elementor-element elementor-element-2d335ada elementor-widget elementor-widget-woocommerce-breadcrumb\" data-id=\"2d335ada\" data-element_type=\"widget\" data-e-type=\"widget\" data-widget_type=\"woocommerce-breadcrumb.default\">\n\t\t\t\t<div class=\"elementor-widget-container\">\n\t\t\t\t\t<nav class=\"wd-breadcrumbs woocommerce-breadcrumb\" aria-label=\"Breadcrumb\">\t\t\t\t<span class=\"wd-last\">\n\t\t\t\t\tStartseite\t\t\t\t<\/span>\n\t\t\t<\/nav>\t\t\t\t<\/div>\n\t\t\t\t<\/div>\n\t\t\t\t\t<\/div>\n\t\t<\/div>\n\t\t\t\t\t<\/div>\n\t\t<\/section>\n\t\t\t\t<section class=\"wd-negative-gap elementor-section elementor-top-section elementor-element elementor-element-ee1a5d6 elementor-section-boxed elementor-section-height-default elementor-section-height-default\" data-id=\"ee1a5d6\" data-element_type=\"section\" data-e-type=\"section\">\n\t\t\t\t\t\t<div class=\"elementor-container elementor-column-gap-default\">\n\t\t\t\t\t<div class=\"elementor-column elementor-col-100 elementor-top-column elementor-element elementor-element-7238713\" data-id=\"7238713\" data-element_type=\"column\" data-e-type=\"column\">\n\t\t\t<div class=\"elementor-widget-wrap elementor-element-populated\">\n\t\t\t\t\t\t<div class=\"elementor-element elementor-element-d80cc77 color-scheme-inherit text-left elementor-widget elementor-widget-text-editor\" data-id=\"d80cc77\" data-element_type=\"widget\" data-e-type=\"widget\" data-widget_type=\"text-editor.default\">\n\t\t\t\t<div class=\"elementor-widget-container\">\n\t\t\t\t\t\t\t\t\t<div class=\"legal\">\n<section class=\"section\">\n<div class=\"wrapper\">\n<div class=\"content\">\n<div class=\"dali-grid-element\">\n<div class=\"dali-grid-element-wrapper\">\n<div class=\"dali-plugin-text\">\n<div class=\"dali-plugin-text-content\">\n<p>ALLGEMEINE VERKAUFS- UND LIEFERBEDINGUNGEN<\/p>\n<p>XARO &#8211; Deltazijde 26d, 1261 ZM Blaricum<\/p>\n<p>1. Januar 2002<\/p>\n<p>&#8212;&#8212;&#8212;&#8212;&#8212;&#8212;&#8212;&#8212;&#8212;&#8212;&#8212;&#8212;&#8212;&#8212;&#8212;&#8212;&#8212;&#8212;&#8212;&#8212;&#8212;&#8212;&#8212;&#8212;&#8212;&#8212;&#8211;<\/p>\n<p><strong>1 Allgemeines<\/strong><\/p>\n<p>1. In diesen allgemeinen Verkaufs- und Lieferbedingungen bezeichnet der Kunde jede nat\u00fcrliche oder juristische Person, die Waren oder Dienstleistungen von Xaro erwirbt oder mit der Xaro einen Vertrag abschlie\u00dft oder \u00fcber dessen Abschluss Xaro verhandelt, und Xaro bezeichnet den Lieferanten oder potenziellen Lieferanten.<\/p>\n<p>2. Diese allgemeinen Verkaufs- und Lieferbedingungen gelten f\u00fcr alle Angebote und Lieferungen von Xaro und gelten auch f\u00fcr andere Vertr\u00e4ge als Kaufvertr\u00e4ge.<\/p>\n<p>3. Die Anwendbarkeit der Bedingungen des Kunden wird von Xaro ausdr\u00fccklich abgelehnt. Wenn der Kunde von diesen allgemeinen Verkaufs- und Lieferbedingungen abweichen m\u00f6chte, muss er dies Xaro ausdr\u00fccklich und schriftlich mitteilen.<\/p>\n<p>4. Abweichungen von oder Erg\u00e4nzungen zu diesen allgemeinen Verkaufs- und Lieferbedingungen sind nur wirksam, wenn und soweit sie von der Gesch\u00e4ftsleitung von Xaro schriftlich best\u00e4tigt wurden.<\/p>\n<p>5. Weicht Xaro selbst von diesen Allgemeinen Verkaufs- und Lieferbedingungen zugunsten des Kunden ab, so kann der Kunde daran keine Folgen f\u00fcr die Anwendung im Allgemeinen oder in einem anderen speziellen Fall kn\u00fcpfen.<\/p>\n<p>&#8212;&#8212;&#8212;&#8212;&#8212;&#8212;&#8212;&#8212;&#8212;&#8212;&#8212;&#8212;&#8212;&#8212;&#8212;&#8212;&#8212;&#8212;&#8212;&#8212;&#8212;&#8212;&#8212;&#8212;&#8212;&#8212;&#8211;<\/p>\n<p><strong>2 Angebot von Produkten oder Dienstleistungen und Vertragsabschluss<\/strong><\/p>\n<p>1. Alle; Angebote, Kostenvoranschl\u00e4ge, Offerten und Budgets von Xaro sind v\u00f6llig unverbindlich und vorbehaltlich m\u00f6glicher Fehler, sofern nicht ausdr\u00fccklich anders angegeben.<\/p>\n<p>2. Xaro beh\u00e4lt sich das Recht vor, Bestellungen ohne Angabe von Gr\u00fcnden abzulehnen, ohne dass dies in irgendeiner Weise zu einer Haftung von Xaro f\u00fcr Sch\u00e4den f\u00fchrt, oder per Nachnahme zu liefern.<\/p>\n<p>3. Xaro beh\u00e4lt sich das Recht vor, den Vertrag in Teilen zu erf\u00fcllen.<\/p>\n<p>&#8212;&#8212;&#8212;&#8212;&#8212;&#8212;&#8212;&#8212;&#8212;&#8212;&#8212;&#8212;&#8212;&#8212;&#8212;&#8212;&#8212;&#8212;&#8212;&#8212;&#8212;&#8212;&#8212;&#8212;&#8212;&#8212;&#8211;<\/p>\n<p><strong>3 \u00c4nderungen \/ Stornierungen<\/strong><\/p>\n<p>1. Die teilweise oder vollst\u00e4ndige \u00c4nderung oder K\u00fcndigung eines Vertrags ist nur mit schriftlicher Zustimmung von Xaro innerhalb von f\u00fcnf Werktagen nach Erhalt der schriftlichen Mitteilung \u00fcber die \u00c4nderung oder K\u00fcndigung m\u00f6glich.<\/p>\n<p>2. Xaro wird die Genehmigung zur teilweisen oder vollst\u00e4ndigen Stornierung eines Vertrags nur dann erteilen, wenn der Kunde bereit ist, die Xaro bereits entstandenen Kosten zu erstatten.<\/p>\n<p>&#8212;&#8212;&#8212;&#8212;&#8212;&#8212;&#8212;&#8212;&#8212;&#8212;&#8212;&#8212;&#8212;&#8212;&#8212;&#8212;&#8212;&#8212;&#8212;&#8212;&#8212;&#8212;&#8212;&#8212;&#8212;&#8212;&#8211;<\/p>\n<p><strong>4 Preise<\/strong><\/p>\n<p>1. Jeder Verkauf erfolgt unter der ausdr\u00fccklichen Bedingung, dass der Kaufpreis auf den preisbestimmenden Faktoren basiert, die zum Zeitpunkt des Verkaufsabschlusses gelten, wie z.B. Einkaufspreise, Verbrauchssteuern, Frachtraten, Einfuhrz\u00f6lle oder andere Abgaben und Steuern. Sollten sich zwischen dem Zeitpunkt des Vertragsabschlusses und der Lieferung \u00c4nderungen bei den oben genannten preisbestimmenden Faktoren ergeben, beh\u00e4lt sich Xaro das Recht vor, den urspr\u00fcnglichen Kaufpreis zu revidieren.<\/p>\n<p>2. Wenn die Erh\u00f6hung des urspr\u00fcnglichen Kaufpreises aufgrund der im ersten Absatz genannten Bedingungen f\u00fcnf Prozent \u00fcbersteigt, hat der K\u00e4ufer das Recht, den Vertrag aufzul\u00f6sen. Der R\u00fccktritt vom Vertrag muss innerhalb von f\u00fcnf Werktagen, nachdem der Kunde von Xaro \u00fcber die Preiserh\u00f6hung informiert wurde, schriftlich erfolgen.<\/p>\n<p>3. Alle von Xaro angegebenen Preise verstehen sich exklusive Mehrwertsteuer, sofern nicht ausdr\u00fccklich anders angegeben.<\/p>\n<p>&#8212;&#8212;&#8212;&#8212;&#8212;&#8212;&#8212;&#8212;&#8212;&#8212;&#8212;&#8212;&#8212;&#8212;&#8212;&#8212;&#8212;&#8212;&#8212;&#8212;&#8212;&#8212;&#8212;&#8212;&#8212;&#8212;&#8211;<\/p>\n<p><strong>5 Lieferung und Risiko<\/strong><\/p>\n<p>1. Die Produkte werden ab Lager und auf Rechnung und Gefahr des Kunden geliefert, sofern nicht ausdr\u00fccklich etwas anderes vereinbart wurde.<\/p>\n<p>2. Bei der Lieferung bestimmt Xaro die Wahl des Transportmittels, sofern nicht ausdr\u00fccklich etwas anderes vereinbart wurde.<\/p>\n<p>3. Die Lieferung erfolgt nur dorthin, wo die Transportmittel vern\u00fcnftigerweise hingelangen k\u00f6nnen. Der K\u00e4ufer ist verpflichtet, die Produkte dort in Empfang zu nehmen und sie sofort abzuladen. Wenn der Kunde dies nicht tut, gehen alle anfallenden Kosten zu seinen Lasten.<\/p>\n<p>4. Erfolgt die Lieferung in mehreren Teilen, so gilt jede Einzellieferung als separates Gesch\u00e4ft. Dies mit allen rechtlichen Konsequenzen.<\/p>\n<p>5. Wenn Lieferungen aus Gr\u00fcnden, die Xaro nicht zu vertreten hat, nicht, nicht rechtzeitig oder nicht ordnungsgem\u00e4\u00df durchgef\u00fchrt werden k\u00f6nnen, beh\u00e4lt sich Xaro das Recht vor, den Vertrag mit dem Kunden aufzul\u00f6sen, ohne dass dies zu einer Schadensersatzpflicht von Xaro f\u00fchrt.<\/p>\n<p>6. R\u00fccksendungen werden ohne die ausdr\u00fcckliche schriftliche Zustimmung von Xaro nicht akzeptiert.<\/p>\n<p>&#8212;&#8212;&#8212;&#8212;&#8212;&#8212;&#8212;&#8212;&#8212;&#8212;&#8212;&#8212;&#8212;&#8212;&#8212;&#8212;&#8212;&#8212;&#8212;&#8212;&#8212;&#8212;&#8212;&#8212;&#8212;&#8212;&#8211;<\/p>\n<p><strong>6 Lieferzeiten<\/strong><\/p>\n<p>1. Angegebene Lieferfristen gelten niemals als Fristen, es sei denn, es wurde ausdr\u00fccklich und schriftlich etwas anderes vereinbart. Xaro ist verpflichtet, die angegebenen Lieferfristen so weit wie m\u00f6glich einzuhalten, haftet jedoch niemals f\u00fcr deren \u00dcberschreitung. Eine \u00dcberschreitung der Lieferfrist verpflichtet Xaro nicht zur Zahlung einer Entsch\u00e4digung und berechtigt den Kunden nicht zum R\u00fccktritt vom Vertrag.<\/p>\n<p>&#8212;&#8212;&#8212;&#8212;&#8212;&#8212;&#8212;&#8212;&#8212;&#8212;&#8212;&#8212;&#8212;&#8212;&#8212;&#8212;&#8212;&#8212;&#8212;&#8212;&#8212;&#8212;&#8212;&#8212;&#8212;&#8212;&#8211;<\/p>\n<p><strong>7 Akzeptanz und Werbung<\/strong><\/p>\n<p>1. Die Reklamation der Anzahl der gelieferten Waren obliegt dem Kunden. Wird dies nicht sofort nach Erhalt der Ware reklamiert, werden die auf Frachtbriefen, Packzetteln oder \u00e4hnlichen Dokumenten angegebenen Nummern als richtig anerkannt. Beanstandungen wegen M\u00e4ngeln oder Sch\u00e4den m\u00fcssen vom K\u00e4ufer auf der f\u00fcr den ausliefernden Fahrer bestimmten Quittung vermerkt werden.<\/p>\n<p>2. \u00c4u\u00dferlich erkennbare M\u00e4ngel oder Abweichungen von der Spezifikation muss der Kunde Xaro sp\u00e4testens innerhalb von f\u00fcnf Werktagen nach Erhalt der Ware schriftlich mitteilen, nach Ablauf dieser Frist gilt die gelieferte Ware als vom Kunden angenommen.<\/p>\n<p>3. Nicht offensichtliche M\u00e4ngel oder Abweichungen von den Spezifikationen muss der Kunde Xaro unverz\u00fcglich nach ihrer Entdeckung, sp\u00e4testens jedoch innerhalb von 3 Monaten nach der Lieferung schriftlich mitteilen; nach Ablauf dieser Frist gilt die gelieferte Ware als vom Kunden angenommen.<\/p>\n<p>&#8212;&#8212;&#8212;&#8212;&#8212;&#8212;&#8212;&#8212;&#8212;&#8212;&#8212;&#8212;&#8212;&#8212;&#8212;&#8212;&#8212;&#8212;&#8212;&#8212;&#8212;&#8212;&#8212;&#8212;&#8212;&#8212;&#8211;<\/p>\n<p><strong>8 Nicht zurechenbares Versagen<\/strong><\/p>\n<p>1. Kann Xaro seine Verpflichtungen aufgrund eines ihm nicht zurechenbaren Vers\u00e4umnisses nicht, nicht rechtzeitig oder nicht ordnungsgem\u00e4\u00df erf\u00fcllen, werden diese Verpflichtungen ausgesetzt, bis die betreffenden Verpflichtungen in angemessener Weise erf\u00fcllt werden k\u00f6nnen.<\/p>\n<p>2. Xaro hat das Recht, im Falle von Absatz 1 den Vertrag mit dem Kunden ganz oder teilweise aufzul\u00f6sen, ohne dass dies zu einer Schadensersatzpflicht von Xaro f\u00fchrt.<\/p>\n<p>3. Unter einem nicht zurechenbaren Vertragsbruch wird in diesen Bedingungen jeder Umstand verstanden, unter dem die Erf\u00fcllung des Vertrags durch den Auftragnehmer vom K\u00e4ufer vern\u00fcnftigerweise nicht mehr verlangt werden kann, darunter: Krieg, Kriegsgefahr, B\u00fcrgerkrieg, Unruhen, \u00dcberschwemmungen, Streiks, Aussperrungen, Personalmangel, Transportschwierigkeiten, Lieferantenausf\u00e4lle, Feuer, staatliche Ma\u00dfnahmen, Import- und Exportverbote und Betriebsunterbrechungen.<\/p>\n<p>&#8212;&#8212;&#8212;&#8212;&#8212;&#8212;&#8212;&#8212;&#8212;&#8212;&#8212;&#8212;&#8212;&#8212;&#8212;&#8212;&#8212;&#8212;&#8212;&#8212;&#8212;&#8212;&#8212;&#8212;&#8212;&#8212;&#8211;<\/p>\n<p><strong>9 Eigentumsvorbehalt<\/strong><\/p>\n<p>1. Xaro beh\u00e4lt sich das Eigentum an den an den Kunden gelieferten Waren vor, bis ihre Forderungen gegen\u00fcber dem Kunden in Bezug auf diese Waren befriedigt sind.<\/p>\n<p>2. Solange das Eigentum an den Waren nicht auf den K\u00e4ufer \u00fcbertragen wurde, darf dieser die Waren nicht verarbeiten, verpf\u00e4nden, das Eigentum daran \u00fcbertragen oder Dritten irgendein anderes Recht daran einr\u00e4umen, vorbehaltlich der Bestimmungen des folgenden Absatzes.<\/p>\n<p>3. Der Kunde darf die unter Eigentumsvorbehalt gelieferten Waren im Rahmen seines normalen Gesch\u00e4ftsbetriebs verarbeiten, verkaufen und\/oder ausliefern. Au\u00dfer in diesem Fall ist der Kunde verpflichtet, die unter Eigentumsvorbehalt gelieferten Waren mit der gebotenen Sorgfalt und als erkennbares Eigentum von Xaro zu verwahren. Im Falle eines Versto\u00dfes gegen die oben genannten Bestimmungen wird der Kaufpreis sofort und in voller H\u00f6he f\u00e4llig, ungeachtet einer anderslautenden Vereinbarung.<\/p>\n<p>4. Xaro wird hiermit vom Kunden unwiderruflich erm\u00e4chtigt, die unter Eigentumsvorbehalt gelieferte Ware ohne gerichtliche Intervention, Aufforderung oder Inverzugsetzung zur\u00fcckzunehmen (bzw. zur\u00fccknehmen zu lassen). Der Kunde ist verpflichtet, zu diesem Zweck mitzuwirken, unter Androhung einer Geldstrafe in H\u00f6he von vierhundertf\u00fcnfzig Euro pro Tag des Verzugs. Die R\u00fccknahme durch Xaro f\u00fchrt nicht zur Beendigung des Vertrags, es sei denn, Xaro hat etwas anderes vereinbart.<\/p>\n<p>5. Wenn der Kunde mit der Zahlung in Verzug ist und Xaro die gelieferten Waren aufgrund des in diesem Artikel genannten Eigentumsvorbehalts zur\u00fcckfordert, gehen die Kosten daf\u00fcr zu Lasten des Kunden.<\/p>\n<p>&#8212;&#8212;&#8212;&#8212;&#8212;&#8212;&#8212;&#8212;&#8212;&#8212;&#8212;&#8212;&#8212;&#8212;&#8212;&#8212;&#8212;&#8212;&#8212;&#8212;&#8212;&#8212;&#8212;&#8212;&#8212;&#8212;&#8211;<\/p>\n<p><strong>10 Bezahlung<\/strong><\/p>\n<p>1. Die Zahlung erfolgt innerhalb einer Frist von 14 Tagen ab Rechnungsdatum, sofern nicht schriftlich etwas anderes vereinbart wurde.<\/p>\n<p>2. Wenn der Kunde nicht innerhalb der vorgenannten oder einer weiteren vereinbarten Frist bezahlt hat, befindet er sich von Rechts wegen in Verzug und Xaro ist berechtigt, dem Kunden die gesetzlichen Zinsen ab dem F\u00e4lligkeitsdatum bis zum Datum der vollst\u00e4ndigen Zahlung in Rechnung zu stellen, dies alles unbeschadet der weiteren Rechte des Kunden.<\/p>\n<p>3. Alle Kosten, die durch die gerichtliche oder au\u00dfergerichtliche Eintreibung der Forderung entstehen, gehen zu Lasten des Kunden.<\/p>\n<p>4. Wenn der Kunde mit der Zahlung an Xaro in Verzug ist, beh\u00e4lt sich Xaro das Recht vor, die weitere Erf\u00fcllung aller laufenden Vertr\u00e4ge auszusetzen, bis die entsprechende Zahlung erfolgt ist.<\/p>\n<p>5. Wenn Xaro vor oder w\u00e4hrend der Erf\u00fcllung eines Kaufvertrags eindeutige Hinweise auf eine unzureichende oder verminderte Kreditw\u00fcrdigkeit des Kunden erh\u00e4lt, beh\u00e4lt sich Xaro das Recht vor, nicht zu liefern oder die Lieferung nicht fortzusetzen. Im letzteren Fall kann Xaro sofort den Kaufpreis der bereits gelieferten Waren einfordern.<\/p>\n<p>&#8212;&#8212;&#8212;&#8212;&#8212;&#8212;&#8212;&#8212;&#8212;&#8212;&#8212;&#8212;&#8212;&#8212;&#8212;&#8212;&#8212;&#8212;&#8212;&#8212;&#8212;&#8212;&#8212;&#8212;&#8212;&#8212;&#8211;<\/p>\n<p><strong>11 Zurechenbarer Ausfall des Kunden<\/strong><\/p>\n<p>1. Wenn der Kunde seinen Verpflichtungen nicht innerhalb von f\u00fcnf Werktagen nach Inverzugsetzung durch Xaro nachkommt, ist letztere Partei berechtigt, den Kaufvertrag unverz\u00fcglich und ohne gerichtliche Intervention aufzul\u00f6sen, wobei sie ihr Recht auf Schadenersatz beh\u00e4lt.<\/p>\n<p>&#8212;&#8212;&#8212;&#8212;&#8212;&#8212;&#8212;&#8212;&#8212;&#8212;&#8212;&#8212;&#8212;&#8212;&#8212;&#8212;&#8212;&#8212;&#8212;&#8212;&#8212;&#8212;&#8212;&#8212;&#8212;&#8212;&#8211;<\/p>\n<p><strong>12 Anwendbares Recht<\/strong><\/p>\n<p>1. Auf den Kaufvertrag und seine Ausf\u00fchrung ist ausschlie\u00dflich niederl\u00e4ndisches Recht anwendbar. Das Wiener Kaufrecht von 1980 ist ausdr\u00fccklich ausgeschlossen.<\/p>\n<p>&#8212;&#8212;&#8212;&#8212;&#8212;&#8212;&#8212;&#8212;&#8212;&#8212;&#8212;&#8212;&#8212;&#8212;&#8212;&#8212;&#8212;&#8212;&#8212;&#8212;&#8212;&#8212;&#8212;&#8212;&#8212;&#8212;&#8211;<\/p>\n<p><strong>13 Rechtsstreitigkeiten<\/strong><\/p>\n<p>1. Alle Streitigkeiten, gleich welcher Art, die sich auf Angebote, Vertr\u00e4ge und Lieferungen von Xaro beziehen oder sich daraus ergeben, werden von dem zust\u00e4ndigen Amtsgericht oder dem zust\u00e4ndigen Landgericht, in dessen Zust\u00e4ndigkeitsbereich sich der tats\u00e4chliche Gesch\u00e4ftssitz von Xaro befindet, entschieden. F\u00fcr die vorgenannten Streitigkeiten gilt au\u00dferdem, dass f\u00fcr den Fall, dass der Kunde bzw. die Vertragspartei von Xaro au\u00dferhalb des K\u00f6nigreichs der Niederlande ans\u00e4ssig ist, ausschlie\u00dflich die niederl\u00e4ndischen Gerichte zust\u00e4ndig sind.<\/p>\n<p>&#8212;&#8212;&#8212;&#8212;&#8212;&#8212;&#8212;&#8212;&#8212;&#8212;&#8212;&#8212;&#8212;&#8212;&#8212;&#8212;&#8212;&#8212;&#8212;&#8212;&#8212;&#8212;&#8212;&#8212;&#8212;&#8212;&#8211;<\/p>\n<p><strong>14 Schlussbestimmung<\/strong><\/p>\n<p>Ab dem Datum dieser allgemeinen Verkaufs- und Lieferbedingungen werden alle zuvor von Xaro verwendeten allgemeinen Verkaufs- und Lieferbedingungen hinf\u00e4llig.<\/p>\n<\/div>\n<\/div>\n<\/div>\n<\/div>\n<\/div>\n<\/div>\n<\/section>\n<\/div>\n\t\t\t\t\t\t\t\t<\/div>\n\t\t\t\t<\/div>\n\t\t\t\t\t<\/div>\n\t\t<\/div>\n\t\t\t\t\t<\/div>\n\t\t<\/section>\n\t\t\t\t<\/div>\n\t\t","protected":false},"excerpt":{"rendered":"<p>ALLGEMEINE VERKAUFS- UND LIEFERBEDINGUNGEN XARO &#8211; Deltazijde 26d, 1261 ZM Blaricum 1. Januar 2002 &#8212;&#8212;&#8212;&#8212;&#8212;&#8212;&#8212;&#8212;&#8212;&#8212;&#8212;&#8212;&#8212;&#8212;&#8212;&#8212;&#8212;&#8212;&#8212;&#8212;&#8212;&#8212;&#8212;&#8212;&#8212;&#8212;&#8211; 1 Allgemeines 1. In diesen<\/p>\n","protected":false},"author":2,"featured_media":0,"parent":0,"menu_order":0,"comment_status":"closed","ping_status":"closed","template":"","meta":{"_acf_changed":false,"inline_featured_image":false,"footnotes":""},"class_list":["post-45912","page","type-page","status-publish","hentry"],"acf":[],"jetpack_sharing_enabled":true,"_links":{"self":[{"href":"https:\/\/www.xaro.nl\/de\/wp-json\/wp\/v2\/pages\/45912","targetHints":{"allow":["GET"]}}],"collection":[{"href":"https:\/\/www.xaro.nl\/de\/wp-json\/wp\/v2\/pages"}],"about":[{"href":"https:\/\/www.xaro.nl\/de\/wp-json\/wp\/v2\/types\/page"}],"author":[{"embeddable":true,"href":"https:\/\/www.xaro.nl\/de\/wp-json\/wp\/v2\/users\/2"}],"replies":[{"embeddable":true,"href":"https:\/\/www.xaro.nl\/de\/wp-json\/wp\/v2\/comments?post=45912"}],"version-history":[{"count":1,"href":"https:\/\/www.xaro.nl\/de\/wp-json\/wp\/v2\/pages\/45912\/revisions"}],"predecessor-version":[{"id":45913,"href":"https:\/\/www.xaro.nl\/de\/wp-json\/wp\/v2\/pages\/45912\/revisions\/45913"}],"wp:attachment":[{"href":"https:\/\/www.xaro.nl\/de\/wp-json\/wp\/v2\/media?parent=45912"}],"curies":[{"name":"wp","href":"https:\/\/api.w.org\/{rel}","templated":true}]}}